{"id":7516,"date":"2023-04-06T11:39:21","date_gmt":"2023-04-06T15:39:21","guid":{"rendered":"https:\/\/pltn.subtitled.com\/dates-de-congelation-et-decongelation\/"},"modified":"2023-04-27T22:36:59","modified_gmt":"2023-04-28T02:36:59","slug":"dates-de-congelation-et-decongelation","status":"publish","type":"page","link":"https:\/\/pltn.subtitled.com\/fr\/dates-de-congelation-et-decongelation\/","title":{"rendered":"Dates de cong\u00e9lation et d\u00e9cong\u00e9lation"},"content":{"rendered":"\t\t<div data-elementor-type=\"wp-page\" data-elementor-id=\"7516\" class=\"elementor elementor-7516 elementor-6791\">\n\t\t\t\t\t\t<section class=\"elementor-section elementor-top-section elementor-element elementor-element-9fb4898 elementor-section-boxed elementor-section-height-default elementor-section-height-default\" data-id=\"9fb4898\" data-element_type=\"section\">\n\t\t\t\t\t\t<div class=\"elementor-container elementor-column-gap-default\">\n\t\t\t\t\t<div class=\"elementor-column elementor-col-100 elementor-top-column elementor-element elementor-element-90391f2\" data-id=\"90391f2\" data-element_type=\"column\">\n\t\t\t<div class=\"elementor-widget-wrap elementor-element-populated\">\n\t\t\t\t\t\t<div class=\"elementor-element elementor-element-d1765a0 elementor-widget elementor-widget-heading\" data-id=\"d1765a0\" data-element_type=\"widget\" data-widget_type=\"heading.default\">\n\t\t\t\t<div class=\"elementor-widget-container\">\n\t\t\t\t\t<h2 class=\"elementor-heading-title elementor-size-xl\">Dates de cong\u00e9lation et d\u00e9cong\u00e9lation<\/h2>\t\t\t\t<\/div>\n\t\t\t\t<\/div>\n\t\t\t\t\t<\/div>\n\t\t<\/div>\n\t\t\t\t\t<\/div>\n\t\t<\/section>\n\t\t\t\t<section class=\"elementor-section elementor-top-section elementor-element elementor-element-6a6ad772 elementor-section-boxed elementor-section-height-default elementor-section-height-default\" data-id=\"6a6ad772\" data-element_type=\"section\">\n\t\t\t\t\t\t<div class=\"elementor-container elementor-column-gap-default\">\n\t\t\t\t\t<div class=\"elementor-column elementor-col-100 elementor-top-column elementor-element elementor-element-7943947a\" data-id=\"7943947a\" data-element_type=\"column\">\n\t\t\t<div class=\"elementor-widget-wrap elementor-element-populated\">\n\t\t\t\t\t\t<div class=\"elementor-element elementor-element-3bfe2275 elementor-widget elementor-widget-text-editor\" data-id=\"3bfe2275\" data-element_type=\"widget\" data-widget_type=\"text-editor.default\">\n\t\t\t\t<div class=\"elementor-widget-container\">\n\t\t\t\t\t\t\t\t\t<p>Vous trouverez ici un graphique qui r\u00e9pertorie les dates de gel et de d\u00e9gel de 1952 \u00e0 2018. <strong>Ces informations ne constituent pas une indication de la s\u00e9curit\u00e9 de la travers\u00e9e de la glace. Soyez toujours prudent et faites-le \u00e0 vos propres risques.<\/strong> Un grand merci \u00e0 Andr\u00e9 F. Sigouin pour avoir enregistr\u00e9 et fourni ces informations.<\/p>\n\t\t\t\t\t\t\t\t<\/div>\n\t\t\t\t<\/div>\n\t\t\t\t\t<\/div>\n\t\t<\/div>\n\t\t\t\t\t<\/div>\n\t\t<\/section>\n\t\t\t\t<section class=\"elementor-section elementor-top-section elementor-element elementor-element-6599d4c elementor-section-boxed elementor-section-height-default elementor-section-height-default\" data-id=\"6599d4c\" data-element_type=\"section\">\n\t\t\t\t\t\t<div class=\"elementor-container elementor-column-gap-default\">\n\t\t\t\t\t<div class=\"elementor-column elementor-col-100 elementor-top-column elementor-element elementor-element-ab3d864\" data-id=\"ab3d864\" data-element_type=\"column\">\n\t\t\t<div class=\"elementor-widget-wrap elementor-element-populated\">\n\t\t\t\t\t\t<div class=\"elementor-element elementor-element-8f11195 elementor-widget elementor-widget-heading\" data-id=\"8f11195\" data-element_type=\"widget\" data-widget_type=\"heading.default\">\n\t\t\t\t<div class=\"elementor-widget-container\">\n\t\t\t\t\t<h3 class=\"elementor-heading-title elementor-size-large\">Dates de cong\u00e9lation<\/h3>\t\t\t\t<\/div>\n\t\t\t\t<\/div>\n\t\t\t\t\t<\/div>\n\t\t<\/div>\n\t\t\t\t\t<\/div>\n\t\t<\/section>\n\t\t\t\t<section class=\"elementor-section elementor-top-section elementor-element elementor-element-dd488e6 elementor-section-boxed elementor-section-height-default elementor-section-height-default\" data-id=\"dd488e6\" data-element_type=\"section\">\n\t\t\t\t\t\t<div class=\"elementor-container elementor-column-gap-default\">\n\t\t\t\t\t<div class=\"elementor-column elementor-col-100 elementor-top-column elementor-element elementor-element-fc396a8\" data-id=\"fc396a8\" data-element_type=\"column\">\n\t\t\t<div class=\"elementor-widget-wrap elementor-element-populated\">\n\t\t\t\t\t\t<div class=\"elementor-element elementor-element-1e8d621 elementor-widget elementor-widget-text-editor\" data-id=\"1e8d621\" data-element_type=\"widget\" data-widget_type=\"text-editor.default\">\n\t\t\t\t<div class=\"elementor-widget-container\">\n\t\t\t\t\t\t\t\t\t<p>Ce graphique indique le nombre de fois o\u00f9 le lac a gel\u00e9 \u00e0 une date donn\u00e9e.<\/p>\n\t\t\t\t\t\t\t\t<\/div>\n\t\t\t\t<\/div>\n\t\t\t\t\t<\/div>\n\t\t<\/div>\n\t\t\t\t\t<\/div>\n\t\t<\/section>\n\t\t\t\t<section class=\"elementor-section elementor-top-section elementor-element elementor-element-44167e4 elementor-section-boxed elementor-section-height-default elementor-section-height-default\" data-id=\"44167e4\" data-element_type=\"section\">\n\t\t\t\t\t\t<div class=\"elementor-container elementor-column-gap-default\">\n\t\t\t\t\t<div class=\"elementor-column elementor-col-100 elementor-top-column elementor-element elementor-element-a301449\" data-id=\"a301449\" data-element_type=\"column\">\n\t\t\t<div class=\"elementor-widget-wrap elementor-element-populated\">\n\t\t\t\t\t\t<div class=\"elementor-element elementor-element-d7b5984 elementor-widget elementor-widget-text-editor\" data-id=\"d7b5984\" data-element_type=\"widget\" data-widget_type=\"text-editor.default\">\n\t\t\t\t<div class=\"elementor-widget-container\">\n\t\t\t\t\t\t\t\t\t\n    <script type=\"text\/javascript\">\n        if (typeof (wpDataCharts) == 'undefined') wpDataCharts = {};\n        wpDataCharts[1] = {\n            render_data: {\"options\":{\"data\":{\"labels\":[\"12\\\/31\",\"12\\\/30\",\"12\\\/29\",\"12\\\/27\",\"12\\\/26\",\"12\\\/24\",\"12\\\/23\",\"12\\\/22\",\"12\\\/21\",\"12\\\/20\",\"12\\\/19\",\"12\\\/18\",\"12\\\/17\",\"12\\\/15\",\"12\\\/14\",\"12\\\/13\",\"12\\\/12\",\"12\\\/11\",\"12\\\/10\",\"12\\\/08\",\"12\\\/05\",\"01\\\/19\",\"01\\\/16\",\"01\\\/14\",\"01\\\/12\",\"01\\\/06\",\"01\\\/05\",\"01\\\/04\",\"01\\\/03\",\"01\\\/02\",\"01\\\/01\"],\"datasets\":[{\"label\":\"Frequency\",\"orig_header\":\"Value\",\"backgroundColor\":\"rgba(63,81,181,0.2)\",\"borderColor\":\"#3F51B5\",\"borderWidth\":1,\"data\":[4,1,3,3,1,5,1,5,6,2,6,2,1,3,1,1,2,2,1,1,2,1,1,1,1,1,1,3,1,1,1],\"lineTension\":0,\"fill\":true}]},\"options\":{\"maintainAspectRatio\":true,\"scales\":{\"x\":{\"title\":{\"display\":true,\"text\":\"Dates\",\"font\":{\"size\":12,\"weight\":\"bold\",\"style\":\"normal\",\"family\":\"Arial\"},\"color\":\"#666\"},\"ticks\":{\"color\":\"#666\",\"font\":{\"size\":12,\"weight\":\"bold\",\"style\":\"normal\",\"family\":\"Arial\"}}},\"y\":{\"title\":{\"display\":true,\"text\":\"Frequency\",\"font\":{\"size\":12,\"weight\":\"bold\",\"style\":\"normal\",\"family\":\"Arial\"},\"color\":\"#666\"},\"min\":0,\"ticks\":{\"color\":\"#666\",\"font\":{\"size\":12,\"weight\":\"bold\",\"style\":\"normal\",\"family\":\"Arial\"}}}},\"plugins\":{\"title\":{\"display\":false,\"position\":\"top\",\"font\":{\"family\":\"Arial\",\"weight\":\"bold\",\"style\":\"normal\",\"size\":12},\"color\":\"#666\"},\"tooltip\":{\"enabled\":true,\"mode\":\"nearest\",\"intersect\":true,\"backgroundColor\":\"rgb(0,0,0)\",\"cornerRadius\":3,\"titleFont\":{\"size\":12},\"bodyFont\":{\"size\":12},\"footerFont\":{\"size\":12}},\"legend\":{\"display\":false,\"position\":\"top\",\"labels\":{\"color\":\"#666\",\"font\":{\"size\":12,\"weight\":\"bold\",\"style\":\"normal\"}}}}},\"globalOptions\":{\"font\":{\"size\":12,\"family\":\"Arial\",\"style\":\"normal\",\"weight\":\"bold\"},\"color\":\"#666\"}},\"configurations\":{\"type\":\"chartjs_column_chart\",\"container\":{\"height\":400,\"width\":0},\"canvas\":{\"backgroundColor\":\"\",\"borderWidth\":\"0\",\"borderColor\":\"\",\"borderRadius\":0}}},\n            engine: \"chartjs\",\n            type: \"chartjs_column_chart\",\n            title: \"Freeze Dates\",\n            container: \"wpDataChart_1\",\n            follow_filtering: 0,\n            wpdatatable_id: 1,\n            group_chart: 1        }\n    <\/script>\n\n    <div id=\"chartJSContainer_1\">\n        <canvas id=\"chartJSCanvas_1\" aria-label=\"Freeze Dates\"\n                role=\"img\"><\/canvas>\n    <\/div>\n\n\t\t\t\t\t\t\t\t<\/div>\n\t\t\t\t<\/div>\n\t\t\t\t\t<\/div>\n\t\t<\/div>\n\t\t\t\t\t<\/div>\n\t\t<\/section>\n\t\t\t\t<section class=\"elementor-section elementor-top-section elementor-element elementor-element-744f886 elementor-section-boxed elementor-section-height-default elementor-section-height-default\" data-id=\"744f886\" data-element_type=\"section\">\n\t\t\t\t\t\t<div class=\"elementor-container elementor-column-gap-default\">\n\t\t\t\t\t<div class=\"elementor-column elementor-col-100 elementor-top-column elementor-element elementor-element-f33a33f\" data-id=\"f33a33f\" data-element_type=\"column\">\n\t\t\t<div class=\"elementor-widget-wrap elementor-element-populated\">\n\t\t\t\t\t\t<div class=\"elementor-element elementor-element-7ee35d2 elementor-widget elementor-widget-heading\" data-id=\"7ee35d2\" data-element_type=\"widget\" data-widget_type=\"heading.default\">\n\t\t\t\t<div class=\"elementor-widget-container\">\n\t\t\t\t\t<h3 class=\"elementor-heading-title elementor-size-large\">Dates de d\u00e9cong\u00e9lation<\/h3>\t\t\t\t<\/div>\n\t\t\t\t<\/div>\n\t\t\t\t\t<\/div>\n\t\t<\/div>\n\t\t\t\t\t<\/div>\n\t\t<\/section>\n\t\t\t\t<section class=\"elementor-section elementor-top-section elementor-element elementor-element-9364357 elementor-section-boxed elementor-section-height-default elementor-section-height-default\" data-id=\"9364357\" data-element_type=\"section\">\n\t\t\t\t\t\t<div class=\"elementor-container elementor-column-gap-default\">\n\t\t\t\t\t<div class=\"elementor-column elementor-col-100 elementor-top-column elementor-element elementor-element-5f6ee2a\" data-id=\"5f6ee2a\" data-element_type=\"column\">\n\t\t\t<div class=\"elementor-widget-wrap elementor-element-populated\">\n\t\t\t\t\t\t<div class=\"elementor-element elementor-element-5d6dce6 elementor-widget elementor-widget-text-editor\" data-id=\"5d6dce6\" data-element_type=\"widget\" data-widget_type=\"text-editor.default\">\n\t\t\t\t<div class=\"elementor-widget-container\">\n\t\t\t\t\t\t\t\t\t<p>Ce graphique indique le nombre de fois o\u00f9 le lac a d\u00e9gel\u00e9 \u00e0 une date donn\u00e9e.<\/p>\n\t\t\t\t\t\t\t\t<\/div>\n\t\t\t\t<\/div>\n\t\t\t\t\t<\/div>\n\t\t<\/div>\n\t\t\t\t\t<\/div>\n\t\t<\/section>\n\t\t\t\t<section class=\"elementor-section elementor-top-section elementor-element elementor-element-9a93b49 elementor-section-boxed elementor-section-height-default elementor-section-height-default\" data-id=\"9a93b49\" data-element_type=\"section\">\n\t\t\t\t\t\t<div class=\"elementor-container elementor-column-gap-default\">\n\t\t\t\t\t<div class=\"elementor-column elementor-col-100 elementor-top-column elementor-element elementor-element-45a02b4\" data-id=\"45a02b4\" data-element_type=\"column\">\n\t\t\t<div class=\"elementor-widget-wrap elementor-element-populated\">\n\t\t\t\t\t\t<div class=\"elementor-element elementor-element-81a4c59 elementor-widget elementor-widget-text-editor\" data-id=\"81a4c59\" data-element_type=\"widget\" data-widget_type=\"text-editor.default\">\n\t\t\t\t<div class=\"elementor-widget-container\">\n\t\t\t\t\t\t\t\t\t\n    <script type=\"text\/javascript\">\n        if (typeof (wpDataCharts) == 'undefined') wpDataCharts = {};\n        wpDataCharts[2] = {\n            render_data: {\"options\":{\"data\":{\"labels\":[\"04\\\/04\",\"04\\\/05\",\"04\\\/10\",\"04\\\/11\",\"04\\\/12\",\"04\\\/17\",\"04\\\/19\",\"04\\\/20\",\"04\\\/21\",\"04\\\/23\",\"04\\\/24\",\"04\\\/25\",\"04\\\/26\",\"04\\\/27\",\"04\\\/28\",\"04\\\/29\",\"04\\\/30\",\"05\\\/01\",\"05\\\/02\",\"05\\\/03\",\"05\\\/04\",\"05\\\/06\",\"05\\\/07\",\"05\\\/08\",\"05\\\/10\",\"05\\\/11\",\"05\\\/12\"],\"datasets\":[{\"label\":\"Frequency\",\"orig_header\":\"Value\",\"backgroundColor\":\"rgba(63,81,181,0.2)\",\"borderColor\":\"#3F51B5\",\"borderWidth\":1,\"data\":[1,1,1,1,1,2,1,2,4,1,2,2,3,7,4,4,4,2,3,3,3,3,3,1,4,1,1],\"lineTension\":0,\"fill\":true}]},\"options\":{\"maintainAspectRatio\":true,\"scales\":{\"x\":{\"title\":{\"display\":true,\"text\":\"Dates\",\"font\":{\"size\":12,\"weight\":\"bold\",\"style\":\"normal\",\"family\":\"Arial\"},\"color\":\"#666\"},\"ticks\":{\"color\":\"#666\",\"font\":{\"size\":12,\"weight\":\"bold\",\"style\":\"normal\",\"family\":\"Arial\"}}},\"y\":{\"title\":{\"display\":true,\"text\":\"Frequency\",\"font\":{\"size\":12,\"weight\":\"bold\",\"style\":\"normal\",\"family\":\"Arial\"},\"color\":\"#666\"},\"min\":0,\"ticks\":{\"color\":\"#666\",\"font\":{\"size\":12,\"weight\":\"bold\",\"style\":\"normal\",\"family\":\"Arial\"}}}},\"plugins\":{\"title\":{\"display\":false,\"position\":\"top\",\"font\":{\"family\":\"Arial\",\"weight\":\"bold\",\"style\":\"normal\",\"size\":12},\"color\":\"#666\"},\"tooltip\":{\"enabled\":true,\"mode\":\"nearest\",\"intersect\":true,\"backgroundColor\":\"rgb(0,0,0)\",\"cornerRadius\":3,\"titleFont\":{\"size\":12},\"bodyFont\":{\"size\":12},\"footerFont\":{\"size\":12}},\"legend\":{\"display\":false,\"position\":\"top\",\"labels\":{\"color\":\"#666\",\"font\":{\"size\":12,\"weight\":\"bold\",\"style\":\"normal\"}}}}},\"globalOptions\":{\"font\":{\"size\":12,\"family\":\"Arial\",\"style\":\"normal\",\"weight\":\"bold\"},\"color\":\"#666\"}},\"configurations\":{\"type\":\"chartjs_column_chart\",\"container\":{\"height\":400,\"width\":0},\"canvas\":{\"backgroundColor\":\"\",\"borderWidth\":\"0\",\"borderColor\":\"\",\"borderRadius\":0}}},\n            engine: \"chartjs\",\n            type: \"chartjs_column_chart\",\n            title: \"Thaw Dates\",\n            container: \"wpDataChart_2\",\n            follow_filtering: 0,\n            wpdatatable_id: 2,\n            group_chart: 1        }\n    <\/script>\n\n    <div id=\"chartJSContainer_2\">\n        <canvas id=\"chartJSCanvas_2\" aria-label=\"Thaw Dates\"\n                role=\"img\"><\/canvas>\n    <\/div>\n\n\t\t\t\t\t\t\t\t<\/div>\n\t\t\t\t<\/div>\n\t\t\t\t\t<\/div>\n\t\t<\/div>\n\t\t\t\t\t<\/div>\n\t\t<\/section>\n\t\t\t\t<\/div>\n\t\t","protected":false},"excerpt":{"rendered":"<p>Dates de cong\u00e9lation et d\u00e9cong\u00e9lation Vous trouverez ici un graphique qui r\u00e9pertorie les dates de gel et de d\u00e9gel de 1952 \u00e0 2018. Ces informations ne constituent pas une indication de la s\u00e9curit\u00e9 de la travers\u00e9e de la glace. Soyez toujours prudent et faites-le \u00e0 vos propres risques. Un grand merci \u00e0 Andr\u00e9 F. Sigouin &hellip;<\/p>\n","protected":false},"author":1,"featured_media":7315,"parent":0,"menu_order":0,"comment_status":"closed","ping_status":"closed","template":"template-fullwidth-alt.php","meta":{"_monsterinsights_skip_tracking":false,"_monsterinsights_sitenote_active":false,"_monsterinsights_sitenote_note":"","_monsterinsights_sitenote_category":0,"footnotes":""},"class_list":["post-7516","page","type-page","status-publish","has-post-thumbnail","hentry"],"aioseo_notices":[],"_links":{"self":[{"href":"https:\/\/pltn.subtitled.com\/fr\/wp-json\/wp\/v2\/pages\/7516","targetHints":{"allow":["GET"]}}],"collection":[{"href":"https:\/\/pltn.subtitled.com\/fr\/wp-json\/wp\/v2\/pages"}],"about":[{"href":"https:\/\/pltn.subtitled.com\/fr\/wp-json\/wp\/v2\/types\/page"}],"author":[{"embeddable":true,"href":"https:\/\/pltn.subtitled.com\/fr\/wp-json\/wp\/v2\/users\/1"}],"replies":[{"embeddable":true,"href":"https:\/\/pltn.subtitled.com\/fr\/wp-json\/wp\/v2\/comments?post=7516"}],"version-history":[{"count":4,"href":"https:\/\/pltn.subtitled.com\/fr\/wp-json\/wp\/v2\/pages\/7516\/revisions"}],"predecessor-version":[{"id":7524,"href":"https:\/\/pltn.subtitled.com\/fr\/wp-json\/wp\/v2\/pages\/7516\/revisions\/7524"}],"wp:featuredmedia":[{"embeddable":true,"href":"https:\/\/pltn.subtitled.com\/fr\/wp-json\/wp\/v2\/media\/7315"}],"wp:attachment":[{"href":"https:\/\/pltn.subtitled.com\/fr\/wp-json\/wp\/v2\/media?parent=7516"}],"curies":[{"name":"wp","href":"https:\/\/api.w.org\/{rel}","templated":true}]}}