{"id":7534,"date":"2023-04-13T10:04:26","date_gmt":"2023-04-13T14:04:26","guid":{"rendered":"https:\/\/pltn.subtitled.com\/environnement\/"},"modified":"2023-06-19T20:36:14","modified_gmt":"2023-06-20T00:36:14","slug":"environnement","status":"publish","type":"page","link":"https:\/\/pltn.subtitled.com\/fr\/environnement\/","title":{"rendered":"Environnement"},"content":{"rendered":"\t\t<div data-elementor-type=\"wp-page\" data-elementor-id=\"7534\" class=\"elementor elementor-7534 elementor-7120\">\n\t\t\t\t\t\t<section class=\"elementor-section elementor-top-section elementor-element elementor-element-9028a7f elementor-section-boxed elementor-section-height-default elementor-section-height-default\" data-id=\"9028a7f\" data-element_type=\"section\">\n\t\t\t\t\t\t<div class=\"elementor-container elementor-column-gap-default\">\n\t\t\t\t\t<div class=\"elementor-column elementor-col-50 elementor-top-column elementor-element elementor-element-7943947a\" data-id=\"7943947a\" data-element_type=\"column\">\n\t\t\t<div class=\"elementor-widget-wrap elementor-element-populated\">\n\t\t\t\t\t\t<div class=\"elementor-element elementor-element-0e1284f elementor-widget elementor-widget-heading\" data-id=\"0e1284f\" data-element_type=\"widget\" data-widget_type=\"heading.default\">\n\t\t\t\t<div class=\"elementor-widget-container\">\n\t\t\t\t\t<h2 class=\"elementor-heading-title elementor-size-xl\">Prot\u00e9ger le lac<\/h2>\t\t\t\t<\/div>\n\t\t\t\t<\/div>\n\t\t\t\t\t<\/div>\n\t\t<\/div>\n\t\t\t\t<div class=\"elementor-column elementor-col-50 elementor-top-column elementor-element elementor-element-c2f950a\" data-id=\"c2f950a\" data-element_type=\"column\">\n\t\t\t<div class=\"elementor-widget-wrap elementor-element-populated\">\n\t\t\t\t\t\t<div class=\"elementor-element elementor-element-fb0161f elementor-widget__width-initial elementor-hidden-mobile elementor-widget elementor-widget-image\" data-id=\"fb0161f\" data-element_type=\"widget\" data-widget_type=\"image.default\">\n\t\t\t\t<div class=\"elementor-widget-container\">\n\t\t\t\t\t\t\t\t\t\t\t\t\t\t\t<img fetchpriority=\"high\" decoding=\"async\" width=\"698\" height=\"500\" src=\"https:\/\/pltn.subtitled.com\/wp-content\/uploads\/2023\/04\/jared-evans-VgRnolD7OIw-unsplash-frog-698x500.jpg\" class=\"attachment-citygov_classic size-citygov_classic wp-image-7146\" alt=\"A frog perched on a log in water\" srcset=\"https:\/\/pltn.subtitled.com\/wp-content\/uploads\/2023\/04\/jared-evans-VgRnolD7OIw-unsplash-frog-698x500.jpg 698w, https:\/\/pltn.subtitled.com\/wp-content\/uploads\/2023\/04\/jared-evans-VgRnolD7OIw-unsplash-frog-350x250.jpg 350w\" sizes=\"(max-width: 698px) 100vw, 698px\" \/>\t\t\t\t\t\t\t\t\t\t\t\t\t\t\t<\/div>\n\t\t\t\t<\/div>\n\t\t\t\t\t<\/div>\n\t\t<\/div>\n\t\t\t\t\t<\/div>\n\t\t<\/section>\n\t\t\t\t<section class=\"elementor-section elementor-top-section elementor-element elementor-element-0d8bc0f elementor-section-boxed elementor-section-height-default elementor-section-height-default\" data-id=\"0d8bc0f\" data-element_type=\"section\">\n\t\t\t\t\t\t<div class=\"elementor-container elementor-column-gap-default\">\n\t\t\t\t\t<div class=\"elementor-column elementor-col-100 elementor-top-column elementor-element elementor-element-8181be4\" data-id=\"8181be4\" data-element_type=\"column\">\n\t\t\t<div class=\"elementor-widget-wrap elementor-element-populated\">\n\t\t\t\t\t\t<div class=\"elementor-element elementor-element-f58d4d9 elementor-widget elementor-widget-text-editor\" data-id=\"f58d4d9\" data-element_type=\"widget\" data-widget_type=\"text-editor.default\">\n\t\t\t\t<div class=\"elementor-widget-container\">\n\t\t\t\t\t\t\t\t\t<p><strong>Le conseil d&#8217;administration de PLTN demeure tr\u00e8s pr\u00e9occup\u00e9 par le risque de contamination de nos lacs par des esp\u00e8ces aquatiques envahissantes.<\/strong> Parmi la vingtaine d&#8217;esp\u00e8ces v\u00e9g\u00e9tales consid\u00e9r\u00e9es comme envahissantes au Qu\u00e9bec, <strong>la menace pr\u00e9dominante est celle de la myriophylle (myriophylle \u00e0 \u00e9pi)<\/strong> qui a d\u00e9j\u00e0 contamin\u00e9 46 lacs environnants dans les Laurentides, dont les lacs Sup\u00e9rieur, Mercier, Ouimet, Barkmere, Labelle et le lac Carr\u00e9.<\/p>\n<p>Sans pr\u00e9dateur connu, cette plante se propage tr\u00e8s rapidement, absorbant une grande partie de l&#8217;oxyg\u00e8ne et envahissant un lac et sa biodiversit\u00e9. Une fois \u00e9tablie, elle est pratiquement impossible \u00e0 \u00e9liminer et ne peut \u00eatre g\u00e9r\u00e9e qu&#8217;au prix d&#8217;efforts tr\u00e8s co\u00fbteux.<\/p>\n\t\t\t\t\t\t\t\t<\/div>\n\t\t\t\t<\/div>\n\t\t\t\t\t<\/div>\n\t\t<\/div>\n\t\t\t\t\t<\/div>\n\t\t<\/section>\n\t\t\t\t<section class=\"elementor-section elementor-top-section elementor-element elementor-element-8f83414 elementor-section-boxed elementor-section-height-default elementor-section-height-default\" data-id=\"8f83414\" data-element_type=\"section\">\n\t\t\t\t\t\t<div class=\"elementor-container elementor-column-gap-default\">\n\t\t\t\t\t<div class=\"elementor-column elementor-col-100 elementor-top-column elementor-element elementor-element-1e7b517\" data-id=\"1e7b517\" data-element_type=\"column\">\n\t\t\t<div class=\"elementor-widget-wrap elementor-element-populated\">\n\t\t\t\t\t\t<div class=\"elementor-element elementor-element-0079a5b elementor-widget elementor-widget-heading\" data-id=\"0079a5b\" data-element_type=\"widget\" data-widget_type=\"heading.default\">\n\t\t\t\t<div class=\"elementor-widget-container\">\n\t\t\t\t\t<h3 class=\"elementor-heading-title elementor-size-large\">\u00c9tude environmentales bassin versant<\/h3>\t\t\t\t<\/div>\n\t\t\t\t<\/div>\n\t\t\t\t\t<\/div>\n\t\t<\/div>\n\t\t\t\t\t<\/div>\n\t\t<\/section>\n\t\t\t\t<section class=\"elementor-section elementor-top-section elementor-element elementor-element-cb0a04f elementor-section-boxed elementor-section-height-default elementor-section-height-default\" data-id=\"cb0a04f\" data-element_type=\"section\">\n\t\t\t\t\t\t<div class=\"elementor-container elementor-column-gap-default\">\n\t\t\t\t\t<div class=\"elementor-column elementor-col-100 elementor-top-column elementor-element elementor-element-ef78598\" data-id=\"ef78598\" data-element_type=\"column\">\n\t\t\t<div class=\"elementor-widget-wrap elementor-element-populated\">\n\t\t\t\t\t\t<div class=\"elementor-element elementor-element-de13abf elementor-widget elementor-widget-text-editor\" data-id=\"de13abf\" data-element_type=\"widget\" data-widget_type=\"text-editor.default\">\n\t\t\t\t<div class=\"elementor-widget-container\">\n\t\t\t\t\t\t\t\t\t<p>Votre conseil d&#8217;administration a \u00e9t\u00e9 inform\u00e9 d&#8217;une nouvelle initiative de l&#8217;Organisme des Bassins Versants des Rivi\u00e8res Rouge, Petite Nation et Saumon (OBV RPNS) visant \u00e0 \u00e9tudier l&#8217;impact des barrages de ce r\u00e9seau hydrographique, y compris le barrage situ\u00e9 \u00e0 l&#8217;extr\u00e9mit\u00e9 sud du lac Tremblant.<\/p>\n<p>Si vous souhaitez participer ou contribuer, veuillez contacter notre <a href=\"https:\/\/pltn.subtitled.com\/fr\/nous-joindre\/\">secr\u00e9taire PLTN<\/a>.<\/p>\n<p><a href=\"https:\/\/www.rpns.ca\/\" target=\"_blank\" rel=\"nofollow noopener\">Accueil &#8211; Organisme de bassins versants des rivi\u00e8res Rouge, Petite Nation et Saumon (rpns.ca)<\/a><\/p>\n<p><a href=\"https:\/\/www.rpns.ca\/wp-content\/uploads\/2023\/02\/Offre-de-services_OBV-RPNS.pdf\" target=\"_blank\" rel=\"nofollow noopener\">Offre de services_OBV RPNS.pdf<\/a><\/p>\n<p><strong>PLTN souhaite pr\u00e9senter les nouvelles technologies \u00e9lectroniques qui peuvent \u00eatre utilis\u00e9es comme une option plus propre pour nos lacs.<\/strong><\/p>\n<p><a href=\"https:\/\/www.aveq.ca\/actualiteacutes\/une-entreprise-qui-construit-des-bateaux-electriques-entierement-fabriques-au-quebec\" target=\"_blank\" rel=\"nofollow noopener\">Une entreprise qui construit des bateaux \u00e9lectriques enti\u00e8rement fabriqu\u00e9s au Qu\u00e9bec<\/a><\/p>\n\t\t\t\t\t\t\t\t<\/div>\n\t\t\t\t<\/div>\n\t\t\t\t\t<\/div>\n\t\t<\/div>\n\t\t\t\t\t<\/div>\n\t\t<\/section>\n\t\t\t\t<section class=\"elementor-section elementor-top-section elementor-element elementor-element-663216d elementor-section-boxed elementor-section-height-default elementor-section-height-default\" data-id=\"663216d\" data-element_type=\"section\">\n\t\t\t\t\t\t<div class=\"elementor-container elementor-column-gap-default\">\n\t\t\t\t\t<div class=\"elementor-column elementor-col-100 elementor-top-column elementor-element elementor-element-d8ea054\" data-id=\"d8ea054\" data-element_type=\"column\">\n\t\t\t<div class=\"elementor-widget-wrap elementor-element-populated\">\n\t\t\t\t\t\t<div class=\"elementor-element elementor-element-84b239f elementor-widget elementor-widget-heading\" data-id=\"84b239f\" data-element_type=\"widget\" data-widget_type=\"heading.default\">\n\t\t\t\t<div class=\"elementor-widget-container\">\n\t\t\t\t\t<h3 class=\"elementor-heading-title elementor-size-large\">Informations sur le myriophylle d'eurasie<\/h3>\t\t\t\t<\/div>\n\t\t\t\t<\/div>\n\t\t\t\t\t<\/div>\n\t\t<\/div>\n\t\t\t\t\t<\/div>\n\t\t<\/section>\n\t\t\t\t<section class=\"elementor-section elementor-top-section elementor-element elementor-element-283847a elementor-section-boxed elementor-section-height-default elementor-section-height-default\" data-id=\"283847a\" data-element_type=\"section\">\n\t\t\t\t\t\t<div class=\"elementor-container elementor-column-gap-default\">\n\t\t\t\t\t<div class=\"elementor-column elementor-col-100 elementor-top-column elementor-element elementor-element-f6b4c68\" data-id=\"f6b4c68\" data-element_type=\"column\">\n\t\t\t<div class=\"elementor-widget-wrap elementor-element-populated\">\n\t\t\t\t\t\t<div class=\"elementor-element elementor-element-c61915f elementor-widget elementor-widget-text-editor\" data-id=\"c61915f\" data-element_type=\"widget\" data-widget_type=\"text-editor.default\">\n\t\t\t\t<div class=\"elementor-widget-container\">\n\t\t\t\t\t\t\t\t\t<p>Sans pr\u00e9dateur connu, cette plante se propage tr\u00e8s rapidement, absorbant une grande partie de l&#8217;oxyg\u00e8ne et envahissant un lac et sa biodiversit\u00e9. Une fois \u00e9tablie, elle est pratiquement impossible \u00e0 \u00e9liminer et ne peut \u00eatre g\u00e9r\u00e9e qu&#8217;au prix d&#8217;efforts tr\u00e8s co\u00fbteux. Elle a des impacts significatifs sur le lac, notamment<\/p>\n<ul>\n<li>elle a un impact n\u00e9gatif sur la baignade<\/li>\n<li>elle entrave la navigation des bateaux<\/li>\n<li>diminution des populations de poissons\n<ul>\n<li>diminution de l&#8217;approvisionnement en nourriture<\/li>\n<li>diminue la taille et le nombre des poissons<\/li>\n<li>interf\u00e8re avec le frai<\/li>\n<\/ul>\n<\/li>\n<li>Baisse probable de la valeur des propri\u00e9t\u00e9s (les habitants du lac \u00e0 la Truite affirment avoir subi une d\u00e9valuation de 50 %)<\/li>\n<li>Peut emp\u00eacher l&#8217;\u00e9coulement naturel de l&#8217;eau<\/li>\n<li>Peut se d\u00e9velopper loin du rivage, jusqu&#8217;\u00e0 10 m de profondeur<\/li>\n<li>Impact sur le tourisme, l&#8217;\u00e9v\u00e9nement Ironman, les entreprises locales<\/li>\n<\/ul>\n<p>Le lac Sup\u00e9rieur, situ\u00e9 \u00e0 proximit\u00e9, est confront\u00e9 \u00e0 ce probl\u00e8me depuis plus de 10 ans. Pour tenter de la contr\u00f4ler, la population a volontairement interrompu la circulation des bateaux sur le lac pendant trois ans. Ils n&#8217;ont pas r\u00e9ussi \u00e0 \u00e9liminer le myriophylle en \u00e9pi.<\/p>\n<p><a href=\"https:\/\/crelaurentides.org\/\" target=\"_blank\" rel=\"nofollow noopener\">https:\/\/crelaurentides.org\/<\/a><\/p>\n<p><a href=\"\/wp-content\/uploads\/2023\/04\/Eurasian_water_milfoil_fact_sheet_web.pdf\" target=\"_blank\" rel=\"noopener\">Fiche d&#8217;information sur le myriophylle en \u00e9pi<\/a> (en anglais)<\/p>\n\t\t\t\t\t\t\t\t<\/div>\n\t\t\t\t<\/div>\n\t\t\t\t\t<\/div>\n\t\t<\/div>\n\t\t\t\t\t<\/div>\n\t\t<\/section>\n\t\t\t\t<section class=\"elementor-section elementor-top-section elementor-element elementor-element-989fef5 elementor-section-boxed elementor-section-height-default elementor-section-height-default\" data-id=\"989fef5\" data-element_type=\"section\">\n\t\t\t\t\t\t<div class=\"elementor-container elementor-column-gap-default\">\n\t\t\t\t\t<div class=\"elementor-column elementor-col-100 elementor-top-column elementor-element elementor-element-0ff7a55\" data-id=\"0ff7a55\" data-element_type=\"column\">\n\t\t\t<div class=\"elementor-widget-wrap elementor-element-populated\">\n\t\t\t\t\t\t<div class=\"elementor-element elementor-element-39b6d20 elementor-widget elementor-widget-video\" data-id=\"39b6d20\" data-element_type=\"widget\" data-settings=\"{&quot;youtube_url&quot;:&quot;https:\\\/\\\/www.youtube.com\\\/watch?v=jMS4ikifalI&quot;,&quot;video_type&quot;:&quot;youtube&quot;,&quot;controls&quot;:&quot;yes&quot;}\" data-widget_type=\"video.default\">\n\t\t\t\t<div class=\"elementor-widget-container\">\n\t\t\t\t\t\t\t<div class=\"elementor-wrapper elementor-open-inline\">\n\t\t\t<div class=\"elementor-video\"><\/div>\t\t<\/div>\n\t\t\t\t\t\t<\/div>\n\t\t\t\t<\/div>\n\t\t\t\t\t<\/div>\n\t\t<\/div>\n\t\t\t\t\t<\/div>\n\t\t<\/section>\n\t\t\t\t<section class=\"elementor-section elementor-top-section elementor-element elementor-element-7be2553 elementor-section-boxed elementor-section-height-default elementor-section-height-default\" data-id=\"7be2553\" data-element_type=\"section\">\n\t\t\t\t\t\t<div class=\"elementor-container elementor-column-gap-default\">\n\t\t\t\t\t<div class=\"elementor-column elementor-col-100 elementor-top-column elementor-element elementor-element-74fcb51\" data-id=\"74fcb51\" data-element_type=\"column\">\n\t\t\t<div class=\"elementor-widget-wrap elementor-element-populated\">\n\t\t\t\t\t\t<div class=\"elementor-element elementor-element-7564fbb elementor-widget elementor-widget-heading\" data-id=\"7564fbb\" data-element_type=\"widget\" data-widget_type=\"heading.default\">\n\t\t\t\t<div class=\"elementor-widget-container\">\n\t\t\t\t\t<h3 class=\"elementor-heading-title elementor-size-large\">Liens<\/h3>\t\t\t\t<\/div>\n\t\t\t\t<\/div>\n\t\t\t\t\t<\/div>\n\t\t<\/div>\n\t\t\t\t\t<\/div>\n\t\t<\/section>\n\t\t\t\t<section class=\"elementor-section elementor-top-section elementor-element elementor-element-d855668 elementor-section-boxed elementor-section-height-default elementor-section-height-default\" data-id=\"d855668\" data-element_type=\"section\">\n\t\t\t\t\t\t<div class=\"elementor-container elementor-column-gap-default\">\n\t\t\t\t\t<div class=\"elementor-column elementor-col-100 elementor-top-column elementor-element elementor-element-50e0243\" data-id=\"50e0243\" data-element_type=\"column\">\n\t\t\t<div class=\"elementor-widget-wrap elementor-element-populated\">\n\t\t\t\t\t\t<div class=\"elementor-element elementor-element-c2ece36 elementor-widget elementor-widget-text-editor\" data-id=\"c2ece36\" data-element_type=\"widget\" data-widget_type=\"text-editor.default\">\n\t\t\t\t<div class=\"elementor-widget-container\">\n\t\t\t\t\t\t\t\t\t<ul>\n<li><a href=\"https:\/\/tc.canada.ca\/sites\/default\/files\/migrated\/tp_511f.pdf\" target=\"_blank\" rel=\"nofollow noopener\">Guide de s\u00e9curit\u00e9 nautique<\/a><\/li>\n<li><a href=\"https:\/\/www.rpns.ca\/\" target=\"_blank\" rel=\"nofollow noopener\">Organisme de bassins versants<\/a><\/li>\n<li><a href=\"https:\/\/lac-tremblant-nord.qc.ca\/wp-content\/uploads\/2022\/11\/Calendrier-des-collectes-2023_Lac-Tremblant-Nord.pdf\" target=\"_blank\" rel=\"nofollow noopener\">Calendrier de collectes 2023<\/a><\/li>\n<\/ul>\n\t\t\t\t\t\t\t\t<\/div>\n\t\t\t\t<\/div>\n\t\t\t\t\t<\/div>\n\t\t<\/div>\n\t\t\t\t\t<\/div>\n\t\t<\/section>\n\t\t\t\t<section class=\"elementor-section elementor-top-section elementor-element elementor-element-fad2648 elementor-section-boxed elementor-section-height-default elementor-section-height-default\" data-id=\"fad2648\" data-element_type=\"section\">\n\t\t\t\t\t\t<div class=\"elementor-container elementor-column-gap-default\">\n\t\t\t\t\t<div class=\"elementor-column elementor-col-100 elementor-top-column elementor-element elementor-element-1a783f9\" data-id=\"1a783f9\" data-element_type=\"column\">\n\t\t\t<div class=\"elementor-widget-wrap elementor-element-populated\">\n\t\t\t\t\t\t<div class=\"elementor-element elementor-element-2881366 elementor-widget elementor-widget-image-gallery\" data-id=\"2881366\" data-element_type=\"widget\" data-widget_type=\"image-gallery.default\">\n\t\t\t\t<div class=\"elementor-widget-container\">\n\t\t\t\t\t\t\t<div class=\"elementor-image-gallery\">\n\t\t\t\n\t\t<style type=\"text\/css\">\n\t\t\t#gallery-7 {\n\t\t\t\tmargin: auto;\n\t\t\t}\n\t\t\t#gallery-7 .gallery-item {\n\t\t\t\tfloat: left;\n\t\t\t\tmargin-top: 10px;\n\t\t\t\ttext-align: center;\n\t\t\t\twidth: 25%;\n\t\t\t}\n\t\t\t#gallery-7 img {\n\t\t\t\tborder: 2px solid #cfcfcf;\n\t\t\t}\n\t\t\t#gallery-7 .gallery-caption {\n\t\t\t\tmargin-left: 0;\n\t\t\t}\n\t\t\t\/* see gallery_shortcode() in wp-includes\/media.php *\/\n\t\t<\/style>\n\t\t<div id='gallery-7' class='gallery galleryid-7534 gallery-columns-4 gallery-size-citygov_classic'><dl class='gallery-item'>\n\t\t\t<dt class='gallery-icon landscape'>\n\t\t\t\t<a data-elementor-open-lightbox=\"yes\" data-elementor-lightbox-slideshow=\"2881366\" data-e-action-hash=\"#elementor-action%3Aaction%3Dlightbox%26settings%3DeyJpZCI6NzE1MCwidXJsIjoiaHR0cHM6XC9cL3BsdG4uc3VidGl0bGVkLmNvbVwvd3AtY29udGVudFwvdXBsb2Fkc1wvMjAyM1wvMDRcL3J5YW4tc3RvbmUtemVhZzZyZFB5ZHctdW5zcGxhc2gtc2NhbGVkLmpwZyIsInNsaWRlc2hvdyI6IjI4ODEzNjYifQ%3D%3D\" href='https:\/\/pltn.subtitled.com\/wp-content\/uploads\/2023\/04\/ryan-stone-zeag6rdPydw-unsplash-scaled.jpg'><img decoding=\"async\" width=\"698\" height=\"500\" src=\"https:\/\/pltn.subtitled.com\/wp-content\/uploads\/2023\/04\/ryan-stone-zeag6rdPydw-unsplash-698x500.jpg\" class=\"attachment-citygov_classic size-citygov_classic\" alt=\"Squirrel perched on a rock in a forest\" srcset=\"https:\/\/pltn.subtitled.com\/wp-content\/uploads\/2023\/04\/ryan-stone-zeag6rdPydw-unsplash-698x500.jpg 698w, https:\/\/pltn.subtitled.com\/wp-content\/uploads\/2023\/04\/ryan-stone-zeag6rdPydw-unsplash-350x250.jpg 350w\" sizes=\"(max-width: 698px) 100vw, 698px\" \/><\/a>\n\t\t\t<\/dt><\/dl><dl class='gallery-item'>\n\t\t\t<dt class='gallery-icon portrait'>\n\t\t\t\t<a data-elementor-open-lightbox=\"yes\" data-elementor-lightbox-slideshow=\"2881366\" data-e-action-hash=\"#elementor-action%3Aaction%3Dlightbox%26settings%3DeyJpZCI6NzE0NCwidXJsIjoiaHR0cHM6XC9cL3BsdG4uc3VidGl0bGVkLmNvbVwvd3AtY29udGVudFwvdXBsb2Fkc1wvMjAyM1wvMDRcL2hlYXRoZXItc2hldmxpbi1jUE5Qa0RxT2ZGOC11bnNwbGFzaGtsLXNjYWxlZC5qcGciLCJzbGlkZXNob3ciOiIyODgxMzY2In0%3D\" href='https:\/\/pltn.subtitled.com\/wp-content\/uploads\/2023\/04\/heather-shevlin-cPNPkDqOfF8-unsplashkl-scaled.jpg'><img decoding=\"async\" width=\"698\" height=\"500\" src=\"https:\/\/pltn.subtitled.com\/wp-content\/uploads\/2023\/04\/heather-shevlin-cPNPkDqOfF8-unsplashkl-698x500.jpg\" class=\"attachment-citygov_classic size-citygov_classic\" alt=\"Closeup of a fern in a forest\" srcset=\"https:\/\/pltn.subtitled.com\/wp-content\/uploads\/2023\/04\/heather-shevlin-cPNPkDqOfF8-unsplashkl-698x500.jpg 698w, https:\/\/pltn.subtitled.com\/wp-content\/uploads\/2023\/04\/heather-shevlin-cPNPkDqOfF8-unsplashkl-350x250.jpg 350w\" sizes=\"(max-width: 698px) 100vw, 698px\" \/><\/a>\n\t\t\t<\/dt><\/dl><dl class='gallery-item'>\n\t\t\t<dt class='gallery-icon landscape'>\n\t\t\t\t<a data-elementor-open-lightbox=\"yes\" data-elementor-lightbox-slideshow=\"2881366\" data-e-action-hash=\"#elementor-action%3Aaction%3Dlightbox%26settings%3DeyJpZCI6NzE0OCwidXJsIjoiaHR0cHM6XC9cL3BsdG4uc3VidGl0bGVkLmNvbVwvd3AtY29udGVudFwvdXBsb2Fkc1wvMjAyM1wvMDRcL21hZGR5LWJha2VyLWJfZ0FQOTd0N0lzLXVuc3BsYXNobW0tc2NhbGVkLmpwZyIsInNsaWRlc2hvdyI6IjI4ODEzNjYifQ%3D%3D\" href='https:\/\/pltn.subtitled.com\/wp-content\/uploads\/2023\/04\/maddy-baker-b_gAP97t7Is-unsplashmm-scaled.jpg'><img loading=\"lazy\" decoding=\"async\" width=\"698\" height=\"500\" src=\"https:\/\/pltn.subtitled.com\/wp-content\/uploads\/2023\/04\/maddy-baker-b_gAP97t7Is-unsplashmm-698x500.jpg\" class=\"attachment-citygov_classic size-citygov_classic\" alt=\"A deer standing in a forest\" srcset=\"https:\/\/pltn.subtitled.com\/wp-content\/uploads\/2023\/04\/maddy-baker-b_gAP97t7Is-unsplashmm-698x500.jpg 698w, https:\/\/pltn.subtitled.com\/wp-content\/uploads\/2023\/04\/maddy-baker-b_gAP97t7Is-unsplashmm-350x250.jpg 350w\" sizes=\"(max-width: 698px) 100vw, 698px\" \/><\/a>\n\t\t\t<\/dt><\/dl><dl class='gallery-item'>\n\t\t\t<dt class='gallery-icon landscape'>\n\t\t\t\t<a data-elementor-open-lightbox=\"yes\" data-elementor-lightbox-slideshow=\"2881366\" data-e-action-hash=\"#elementor-action%3Aaction%3Dlightbox%26settings%3DeyJpZCI6NzE1NCwidXJsIjoiaHR0cHM6XC9cL3BsdG4uc3VidGl0bGVkLmNvbVwvd3AtY29udGVudFwvdXBsb2Fkc1wvMjAyM1wvMDRcL3pvbWJpZS1wbGFudC53ZWJwIiwic2xpZGVzaG93IjoiMjg4MTM2NiJ9\" href='https:\/\/pltn.subtitled.com\/wp-content\/uploads\/2023\/04\/zombie-plant.webp'><img loading=\"lazy\" decoding=\"async\" width=\"698\" height=\"439\" src=\"https:\/\/pltn.subtitled.com\/wp-content\/uploads\/2023\/04\/zombie-plant-698x439.webp\" class=\"attachment-citygov_classic size-citygov_classic\" alt=\"Man holding zombie plant in front of a body of water\" \/><\/a>\n\t\t\t<\/dt><\/dl><br style=\"clear: both\" \/>\n\t\t<\/div>\n\t\t<\/div>\n\t\t\t\t\t\t<\/div>\n\t\t\t\t<\/div>\n\t\t\t\t<div class=\"elementor-element elementor-element-d09cea4 elementor-widget elementor-widget-image-gallery\" data-id=\"d09cea4\" data-element_type=\"widget\" data-widget_type=\"image-gallery.default\">\n\t\t\t\t<div class=\"elementor-widget-container\">\n\t\t\t\t\t\t\t<div class=\"elementor-image-gallery\">\n\t\t\t\n\t\t<style type=\"text\/css\">\n\t\t\t#gallery-8 {\n\t\t\t\tmargin: auto;\n\t\t\t}\n\t\t\t#gallery-8 .gallery-item {\n\t\t\t\tfloat: left;\n\t\t\t\tmargin-top: 10px;\n\t\t\t\ttext-align: center;\n\t\t\t\twidth: 100%;\n\t\t\t}\n\t\t\t#gallery-8 img {\n\t\t\t\tborder: 2px solid #cfcfcf;\n\t\t\t}\n\t\t\t#gallery-8 .gallery-caption {\n\t\t\t\tmargin-left: 0;\n\t\t\t}\n\t\t\t\/* see gallery_shortcode() in wp-includes\/media.php *\/\n\t\t<\/style>\n\t\t<div id='gallery-8' class='gallery galleryid-7534 gallery-columns-1 gallery-size-full'><dl class='gallery-item'>\n\t\t\t<dt class='gallery-icon landscape'>\n\t\t\t\t<a data-elementor-open-lightbox=\"yes\" data-elementor-lightbox-slideshow=\"d09cea4\" data-e-action-hash=\"#elementor-action%3Aaction%3Dlightbox%26settings%3DeyJpZCI6NzE0MiwidXJsIjoiaHR0cHM6XC9cL3BsdG4uc3VidGl0bGVkLmNvbVwvd3AtY29udGVudFwvdXBsb2Fkc1wvMjAyM1wvMDRcLzIwMjEwNjI0XzE0MjM1My1zY2FsZWQuanBnIiwic2xpZGVzaG93IjoiZDA5Y2VhNCJ9\" href='https:\/\/pltn.subtitled.com\/wp-content\/uploads\/2023\/04\/20210624_142353-scaled.jpg'><img loading=\"lazy\" decoding=\"async\" width=\"2560\" height=\"1440\" src=\"https:\/\/pltn.subtitled.com\/wp-content\/uploads\/2023\/04\/20210624_142353-scaled.jpg\" class=\"attachment-full size-full\" alt=\"Photo of a lake and surrounding forest from atop an adjacent cliff\" srcset=\"https:\/\/pltn.subtitled.com\/wp-content\/uploads\/2023\/04\/20210624_142353-scaled.jpg 2560w, https:\/\/pltn.subtitled.com\/wp-content\/uploads\/2023\/04\/20210624_142353-300x169.jpg 300w, https:\/\/pltn.subtitled.com\/wp-content\/uploads\/2023\/04\/20210624_142353-1024x576.jpg 1024w, https:\/\/pltn.subtitled.com\/wp-content\/uploads\/2023\/04\/20210624_142353-768x432.jpg 768w, https:\/\/pltn.subtitled.com\/wp-content\/uploads\/2023\/04\/20210624_142353-1536x864.jpg 1536w, https:\/\/pltn.subtitled.com\/wp-content\/uploads\/2023\/04\/20210624_142353-2048x1152.jpg 2048w\" sizes=\"(max-width: 2560px) 100vw, 2560px\" \/><\/a>\n\t\t\t<\/dt><\/dl><br style=\"clear: both\" \/>\n\t\t<\/div>\n\t\t<\/div>\n\t\t\t\t\t\t<\/div>\n\t\t\t\t<\/div>\n\t\t\t\t\t<\/div>\n\t\t<\/div>\n\t\t\t\t\t<\/div>\n\t\t<\/section>\n\t\t\t\t<section class=\"elementor-section elementor-top-section elementor-element elementor-element-4730e22 elementor-section-boxed elementor-section-height-default elementor-section-height-default\" data-id=\"4730e22\" data-element_type=\"section\">\n\t\t\t\t\t\t<div class=\"elementor-container elementor-column-gap-default\">\n\t\t\t\t\t<div class=\"elementor-column elementor-col-100 elementor-top-column elementor-element elementor-element-ac84848\" data-id=\"ac84848\" data-element_type=\"column\">\n\t\t\t<div class=\"elementor-widget-wrap elementor-element-populated\">\n\t\t\t\t\t\t<div class=\"elementor-element elementor-element-1fa23ff elementor-widget elementor-widget-spacer\" data-id=\"1fa23ff\" data-element_type=\"widget\" data-widget_type=\"spacer.default\">\n\t\t\t\t<div class=\"elementor-widget-container\">\n\t\t\t\t\t\t\t<div class=\"elementor-spacer\">\n\t\t\t<div class=\"elementor-spacer-inner\"><\/div>\n\t\t<\/div>\n\t\t\t\t\t\t<\/div>\n\t\t\t\t<\/div>\n\t\t\t\t\t<\/div>\n\t\t<\/div>\n\t\t\t\t\t<\/div>\n\t\t<\/section>\n\t\t\t\t<\/div>\n\t\t","protected":false},"excerpt":{"rendered":"<p>Prot\u00e9ger le lac Le conseil d&#8217;administration de PLTN demeure tr\u00e8s pr\u00e9occup\u00e9 par le risque de contamination de nos lacs par des esp\u00e8ces aquatiques envahissantes. Parmi la vingtaine d&#8217;esp\u00e8ces v\u00e9g\u00e9tales consid\u00e9r\u00e9es comme envahissantes au Qu\u00e9bec, la menace pr\u00e9dominante est celle de la myriophylle (myriophylle \u00e0 \u00e9pi) qui a d\u00e9j\u00e0 contamin\u00e9 46 lacs environnants dans les Laurentides, &hellip;<\/p>\n","protected":false},"author":1,"featured_media":7153,"parent":0,"menu_order":0,"comment_status":"closed","ping_status":"closed","template":"template-fullwidth-alt.php","meta":{"_monsterinsights_skip_tracking":false,"_monsterinsights_sitenote_active":false,"_monsterinsights_sitenote_note":"","_monsterinsights_sitenote_category":0,"footnotes":""},"class_list":["post-7534","page","type-page","status-publish","has-post-thumbnail","hentry"],"aioseo_notices":[],"_links":{"self":[{"href":"https:\/\/pltn.subtitled.com\/fr\/wp-json\/wp\/v2\/pages\/7534","targetHints":{"allow":["GET"]}}],"collection":[{"href":"https:\/\/pltn.subtitled.com\/fr\/wp-json\/wp\/v2\/pages"}],"about":[{"href":"https:\/\/pltn.subtitled.com\/fr\/wp-json\/wp\/v2\/types\/page"}],"author":[{"embeddable":true,"href":"https:\/\/pltn.subtitled.com\/fr\/wp-json\/wp\/v2\/users\/1"}],"replies":[{"embeddable":true,"href":"https:\/\/pltn.subtitled.com\/fr\/wp-json\/wp\/v2\/comments?post=7534"}],"version-history":[{"count":18,"href":"https:\/\/pltn.subtitled.com\/fr\/wp-json\/wp\/v2\/pages\/7534\/revisions"}],"predecessor-version":[{"id":7795,"href":"https:\/\/pltn.subtitled.com\/fr\/wp-json\/wp\/v2\/pages\/7534\/revisions\/7795"}],"wp:featuredmedia":[{"embeddable":true,"href":"https:\/\/pltn.subtitled.com\/fr\/wp-json\/wp\/v2\/media\/7153"}],"wp:attachment":[{"href":"https:\/\/pltn.subtitled.com\/fr\/wp-json\/wp\/v2\/media?parent=7534"}],"curies":[{"name":"wp","href":"https:\/\/api.w.org\/{rel}","templated":true}]}}