{"id":7557,"date":"2023-04-11T22:37:42","date_gmt":"2023-04-12T02:37:42","guid":{"rendered":"https:\/\/pltn.subtitled.com\/la-marina\/"},"modified":"2023-05-12T14:53:21","modified_gmt":"2023-05-12T18:53:21","slug":"la-marina","status":"publish","type":"page","link":"https:\/\/pltn.subtitled.com\/fr\/la-marina\/","title":{"rendered":"La marina"},"content":{"rendered":"\t\t<div data-elementor-type=\"wp-page\" data-elementor-id=\"7557\" class=\"elementor elementor-7557 elementor-6892\">\n\t\t\t\t\t\t<section class=\"elementor-section elementor-top-section elementor-element elementor-element-197e5af elementor-section-boxed elementor-section-height-default elementor-section-height-default\" data-id=\"197e5af\" data-element_type=\"section\">\n\t\t\t\t\t\t<div class=\"elementor-container elementor-column-gap-default\">\n\t\t\t\t\t<div class=\"elementor-column elementor-col-100 elementor-top-column elementor-element elementor-element-973d8f6\" data-id=\"973d8f6\" data-element_type=\"column\">\n\t\t\t<div class=\"elementor-widget-wrap elementor-element-populated\">\n\t\t\t\t\t\t<div class=\"elementor-element elementor-element-0a1b891 elementor-widget elementor-widget-heading\" data-id=\"0a1b891\" data-element_type=\"widget\" data-widget_type=\"heading.default\">\n\t\t\t\t<div class=\"elementor-widget-container\">\n\t\t\t\t\t<h2 class=\"elementor-heading-title elementor-size-xl\">Acc\u00e8s \u00e0 la marina<\/h2>\t\t\t\t<\/div>\n\t\t\t\t<\/div>\n\t\t\t\t\t<\/div>\n\t\t<\/div>\n\t\t\t\t\t<\/div>\n\t\t<\/section>\n\t\t\t\t<section class=\"elementor-section elementor-top-section elementor-element elementor-element-2b36c192 elementor-section-boxed elementor-section-height-default elementor-section-height-default\" data-id=\"2b36c192\" data-element_type=\"section\">\n\t\t\t\t\t\t<div class=\"elementor-container elementor-column-gap-default\">\n\t\t\t\t\t<div class=\"elementor-column elementor-col-100 elementor-top-column elementor-element elementor-element-20decbbb\" data-id=\"20decbbb\" data-element_type=\"column\">\n\t\t\t<div class=\"elementor-widget-wrap elementor-element-populated\">\n\t\t\t\t\t\t<div class=\"elementor-element elementor-element-6d0624de elementor-widget elementor-widget-text-editor\" data-id=\"6d0624de\" data-element_type=\"widget\" data-widget_type=\"text-editor.default\">\n\t\t\t\t<div class=\"elementor-widget-container\">\n\t\t\t\t\t\t\t\t\t<h3 class=\"wp-block-heading has-medium-font-size\">Qui a acc\u00e8s \u00e0 la marina de Pr\u00e9servation Lac Tremblant Nord ?<\/h3>\n<p><strong>La marina de PLTN<\/strong> est accessible aux membres et aux citoyens de la Ville de Mont Tremblant et de la Municipalit\u00e9 de Lac Tremblant Nord.<\/p>\n<p><strong>Les membres de Pr\u00e9servation Lac Tremblant Nord<\/strong> sont principalement des propri\u00e9taires de chalets ayant un acc\u00e8s par bateau seulement sur les lacs Tremblant Nord et Bibite.<\/p>\n<p>Pour devenir membre ou pour plus d&#8217;information, veuillez communiquer avec nous : <a href=\"mailto:secretaire@preservationltn.ca\">secretaire@preservationltn.ca<\/a>.<\/p>\n\t\t\t\t\t\t\t\t<\/div>\n\t\t\t\t<\/div>\n\t\t\t\t\t<\/div>\n\t\t<\/div>\n\t\t\t\t\t<\/div>\n\t\t<\/section>\n\t\t\t\t<section class=\"elementor-section elementor-top-section elementor-element elementor-element-3e7e697 elementor-section-boxed elementor-section-height-default elementor-section-height-default\" data-id=\"3e7e697\" data-element_type=\"section\">\n\t\t\t\t\t\t<div class=\"elementor-container elementor-column-gap-default\">\n\t\t\t\t\t<div class=\"elementor-column elementor-col-100 elementor-top-column elementor-element elementor-element-4749e51\" data-id=\"4749e51\" data-element_type=\"column\">\n\t\t\t<div class=\"elementor-widget-wrap elementor-element-populated\">\n\t\t\t\t\t\t<div class=\"elementor-element elementor-element-27cb42c elementor-widget elementor-widget-image-gallery\" data-id=\"27cb42c\" data-element_type=\"widget\" data-widget_type=\"image-gallery.default\">\n\t\t\t\t<div class=\"elementor-widget-container\">\n\t\t\t\t\t\t\t<div class=\"elementor-image-gallery\">\n\t\t\t\n\t\t<style type=\"text\/css\">\n\t\t\t#gallery-17 {\n\t\t\t\tmargin: auto;\n\t\t\t}\n\t\t\t#gallery-17 .gallery-item {\n\t\t\t\tfloat: left;\n\t\t\t\tmargin-top: 10px;\n\t\t\t\ttext-align: center;\n\t\t\t\twidth: 33%;\n\t\t\t}\n\t\t\t#gallery-17 img {\n\t\t\t\tborder: 2px solid #cfcfcf;\n\t\t\t}\n\t\t\t#gallery-17 .gallery-caption {\n\t\t\t\tmargin-left: 0;\n\t\t\t}\n\t\t\t\/* see gallery_shortcode() in wp-includes\/media.php *\/\n\t\t<\/style>\n\t\t<div id='gallery-17' class='gallery galleryid-7557 gallery-columns-3 gallery-size-citygov_classic'><dl class='gallery-item'>\n\t\t\t<dt class='gallery-icon portrait'>\n\t\t\t\t<a data-elementor-open-lightbox=\"yes\" data-elementor-lightbox-slideshow=\"27cb42c\" data-e-action-hash=\"#elementor-action%3Aaction%3Dlightbox%26settings%3DeyJpZCI6NjkwMSwidXJsIjoiaHR0cHM6XC9cL3BsdG4uc3VidGl0bGVkLmNvbVwvd3AtY29udGVudFwvdXBsb2Fkc1wvMjAyM1wvMDRcL21hdHQtaGFyZHktWnJkNUpmRWZTZU0tdW5zcGxhc2gtc2NhbGVkLmpwZyIsInNsaWRlc2hvdyI6IjI3Y2I0MmMifQ%3D%3D\" href='https:\/\/pltn.subtitled.com\/wp-content\/uploads\/2023\/04\/matt-hardy-Zrd5JfEfSeM-unsplash-scaled.jpg'><img fetchpriority=\"high\" decoding=\"async\" width=\"698\" height=\"500\" src=\"https:\/\/pltn.subtitled.com\/wp-content\/uploads\/2023\/04\/matt-hardy-Zrd5JfEfSeM-unsplash-698x500.jpg\" class=\"attachment-citygov_classic size-citygov_classic\" alt=\"Boat\" srcset=\"https:\/\/pltn.subtitled.com\/wp-content\/uploads\/2023\/04\/matt-hardy-Zrd5JfEfSeM-unsplash-698x500.jpg 698w, https:\/\/pltn.subtitled.com\/wp-content\/uploads\/2023\/04\/matt-hardy-Zrd5JfEfSeM-unsplash-350x250.jpg 350w\" sizes=\"(max-width: 698px) 100vw, 698px\" \/><\/a>\n\t\t\t<\/dt><\/dl><dl class='gallery-item'>\n\t\t\t<dt class='gallery-icon landscape'>\n\t\t\t\t<a data-elementor-open-lightbox=\"yes\" data-elementor-lightbox-slideshow=\"27cb42c\" data-e-action-hash=\"#elementor-action%3Aaction%3Dlightbox%26settings%3DeyJpZCI6Njg5OSwidXJsIjoiaHR0cHM6XC9cL3BsdG4uc3VidGl0bGVkLmNvbVwvd3AtY29udGVudFwvdXBsb2Fkc1wvMjAyM1wvMDRcL2tzZW5pYS1tYWthZ29ub3ZhLUtpQVo2MVNoMTdrLXVuc3BsYXNoLXNjYWxlZC5qcGciLCJzbGlkZXNob3ciOiIyN2NiNDJjIn0%3D\" href='https:\/\/pltn.subtitled.com\/wp-content\/uploads\/2023\/04\/ksenia-makagonova-KiAZ61Sh17k-unsplash-scaled.jpg'><img decoding=\"async\" width=\"698\" height=\"500\" src=\"https:\/\/pltn.subtitled.com\/wp-content\/uploads\/2023\/04\/ksenia-makagonova-KiAZ61Sh17k-unsplash-698x500.jpg\" class=\"attachment-citygov_classic size-citygov_classic\" alt=\"Rope knot\" srcset=\"https:\/\/pltn.subtitled.com\/wp-content\/uploads\/2023\/04\/ksenia-makagonova-KiAZ61Sh17k-unsplash-698x500.jpg 698w, https:\/\/pltn.subtitled.com\/wp-content\/uploads\/2023\/04\/ksenia-makagonova-KiAZ61Sh17k-unsplash-350x250.jpg 350w\" sizes=\"(max-width: 698px) 100vw, 698px\" \/><\/a>\n\t\t\t<\/dt><\/dl><dl class='gallery-item'>\n\t\t\t<dt class='gallery-icon landscape'>\n\t\t\t\t<a data-elementor-open-lightbox=\"yes\" data-elementor-lightbox-slideshow=\"27cb42c\" data-e-action-hash=\"#elementor-action%3Aaction%3Dlightbox%26settings%3DeyJpZCI6Njg5NSwidXJsIjoiaHR0cHM6XC9cL3BsdG4uc3VidGl0bGVkLmNvbVwvd3AtY29udGVudFwvdXBsb2Fkc1wvMjAyM1wvMDRcL2FsbW9zLWJlY2h0b2xkLVphWmhtUjYzX1g4LXVuc3BsYXNoLXNjYWxlZC5qcGciLCJzbGlkZXNob3ciOiIyN2NiNDJjIn0%3D\" href='https:\/\/pltn.subtitled.com\/wp-content\/uploads\/2023\/04\/almos-bechtold-ZaZhmR63_X8-unsplash-scaled.jpg'><img decoding=\"async\" width=\"698\" height=\"500\" src=\"https:\/\/pltn.subtitled.com\/wp-content\/uploads\/2023\/04\/almos-bechtold-ZaZhmR63_X8-unsplash-698x500.jpg\" class=\"attachment-citygov_classic size-citygov_classic\" alt=\"Underwater line\" srcset=\"https:\/\/pltn.subtitled.com\/wp-content\/uploads\/2023\/04\/almos-bechtold-ZaZhmR63_X8-unsplash-698x500.jpg 698w, https:\/\/pltn.subtitled.com\/wp-content\/uploads\/2023\/04\/almos-bechtold-ZaZhmR63_X8-unsplash-350x250.jpg 350w\" sizes=\"(max-width: 698px) 100vw, 698px\" \/><\/a>\n\t\t\t<\/dt><\/dl><br style=\"clear: both\" \/>\n\t\t<\/div>\n\t\t<\/div>\n\t\t\t\t\t\t<\/div>\n\t\t\t\t<\/div>\n\t\t\t\t<div class=\"elementor-element elementor-element-9f952b2 elementor-widget__width-initial elementor-widget elementor-widget-image-gallery\" data-id=\"9f952b2\" data-element_type=\"widget\" data-widget_type=\"image-gallery.default\">\n\t\t\t\t<div class=\"elementor-widget-container\">\n\t\t\t\t\t\t\t<div class=\"elementor-image-gallery\">\n\t\t\t\n\t\t<style type=\"text\/css\">\n\t\t\t#gallery-18 {\n\t\t\t\tmargin: auto;\n\t\t\t}\n\t\t\t#gallery-18 .gallery-item {\n\t\t\t\tfloat: left;\n\t\t\t\tmargin-top: 10px;\n\t\t\t\ttext-align: center;\n\t\t\t\twidth: 100%;\n\t\t\t}\n\t\t\t#gallery-18 img {\n\t\t\t\tborder: 2px solid #cfcfcf;\n\t\t\t}\n\t\t\t#gallery-18 .gallery-caption {\n\t\t\t\tmargin-left: 0;\n\t\t\t}\n\t\t\t\/* see gallery_shortcode() in wp-includes\/media.php *\/\n\t\t<\/style>\n\t\t<div id='gallery-18' class='gallery galleryid-7557 gallery-columns-1 gallery-size-full'><dl class='gallery-item'>\n\t\t\t<dt class='gallery-icon landscape'>\n\t\t\t\t<a data-elementor-open-lightbox=\"yes\" data-elementor-lightbox-slideshow=\"9f952b2\" data-e-action-hash=\"#elementor-action%3Aaction%3Dlightbox%26settings%3DeyJpZCI6Njg5NywidXJsIjoiaHR0cHM6XC9cL3BsdG4uc3VidGl0bGVkLmNvbVwvd3AtY29udGVudFwvdXBsb2Fkc1wvMjAyM1wvMDRcL0ltYWdlLTAwNi5qcGVnIiwic2xpZGVzaG93IjoiOWY5NTJiMiJ9\" href='https:\/\/pltn.subtitled.com\/wp-content\/uploads\/2023\/04\/Image-006.jpeg'><img loading=\"lazy\" decoding=\"async\" width=\"1284\" height=\"958\" src=\"https:\/\/pltn.subtitled.com\/wp-content\/uploads\/2023\/04\/Image-006.jpeg\" class=\"attachment-full size-full\" alt=\"\" srcset=\"https:\/\/pltn.subtitled.com\/wp-content\/uploads\/2023\/04\/Image-006.jpeg 1284w, https:\/\/pltn.subtitled.com\/wp-content\/uploads\/2023\/04\/Image-006-300x224.jpeg 300w, https:\/\/pltn.subtitled.com\/wp-content\/uploads\/2023\/04\/Image-006-1024x764.jpeg 1024w, https:\/\/pltn.subtitled.com\/wp-content\/uploads\/2023\/04\/Image-006-768x573.jpeg 768w\" sizes=\"(max-width: 1284px) 100vw, 1284px\" \/><\/a>\n\t\t\t<\/dt><\/dl><br style=\"clear: both\" \/>\n\t\t<\/div>\n\t\t<\/div>\n\t\t\t\t\t\t<\/div>\n\t\t\t\t<\/div>\n\t\t\t\t\t<\/div>\n\t\t<\/div>\n\t\t\t\t\t<\/div>\n\t\t<\/section>\n\t\t\t\t<section class=\"elementor-section elementor-top-section elementor-element elementor-element-7e6fbcc elementor-section-boxed elementor-section-height-default elementor-section-height-default\" data-id=\"7e6fbcc\" data-element_type=\"section\">\n\t\t\t\t\t\t<div class=\"elementor-container elementor-column-gap-default\">\n\t\t\t\t\t<div class=\"elementor-column elementor-col-100 elementor-top-column elementor-element elementor-element-4f26bcb\" data-id=\"4f26bcb\" data-element_type=\"column\">\n\t\t\t<div class=\"elementor-widget-wrap elementor-element-populated\">\n\t\t\t\t\t\t<div class=\"elementor-element elementor-element-9d0bd5f elementor-widget__width-initial elementor-widget elementor-widget-text-editor\" data-id=\"9d0bd5f\" data-element_type=\"widget\" data-widget_type=\"text-editor.default\">\n\t\t\t\t<div class=\"elementor-widget-container\">\n\t\t\t\t\t\t\t\t\t<h3>Citoyens de la Ville et de la MLTN<\/h3>\n<p>PLTN a un contrat de service avec la Ville de Mont Tremblant (Ville) et la Municipalit\u00e9 de Lac Tremblant Nord (MLTN). Ce contrat permet l&#8217;utilisation de la marina pour ses citoyens. Il y a 3 types d&#8217;acc\u00e8s :<\/p>\n<h4>Quai f\u00e9d\u00e9ral (r\u00e9sidents de la Ville)<\/h4>\n<p>Ceux qui ont un contrat avec la Ville pour le stationnement des bateaux au Quai F\u00e9d\u00e9ral.<\/p>\n<p>Pour plus d&#8217;informations, veuillez contacter :<\/p>\n<p><strong>Patrica Gauthier<\/strong><br \/><em>Coordonnatrice administrative<\/em><br \/><em>Service des travaux publics<\/em><br \/><a href=\"mailto:patgauthier@villedemont-tremblant.qc.ca\">patgauthier@villedemont-tremblant.qc.ca<\/a><\/p>\n<h4>Riverains<\/h4>\n<p>Les personnes dont les maisons ont un acc\u00e8s au bord de l&#8217;eau peuvent mettre leurs bateaux \u00e0 l&#8217;eau par l&#8217;interm\u00e9diaire du PLTN au printemps et les retirer \u00e0 l&#8217;automne.<\/p>\n<p>Pour plus d&#8217;informations, veuillez contacter :<\/p>\n<p><strong>Patricia Gauthier<br \/><\/strong><em>Coordonnatrice administrative<br \/><\/em><em>Service des travaux publics<br \/><\/em><a href=\"mailto:patgauthier@villedemont-tremblant.qc.ca\">patgauthier@villedemont-tremblant.qc.ca<\/a><\/p>\n<p>ou<\/p>\n<p><strong>Marie-Lise Langevin<br \/><\/strong><em>Directrice de l\u2019urbanisme, de l\u2019environnement et des travaux publics<br \/><\/em><em>Municipalit\u00e9 de Lac-Tremblant-Nord<br \/><\/em><a href=\"mailto:mllangevin@lac-tremblant-nord.qc.ca\">mllangevin@lac-tremblant-nord.qc.ca<\/a><\/p>\n<h4>Utilisateurs d&#8217;un jour (r\u00e9sidents de la Ville et de MLTN)<\/h4>\n<p>Sur pr\u00e9sentation d&#8217;une carte de citoyen (Ville) ou d&#8217;un compte de taxes (MLTN), les citoyens peuvent acc\u00e9der au lac pour la journ\u00e9e (ils doivent faire laver leur bateau\/caravane le jour m\u00eame et retirer leur bateau avant le coucher du soleil).<\/p>\n\t\t\t\t\t\t\t\t<\/div>\n\t\t\t\t<\/div>\n\t\t\t\t\t<\/div>\n\t\t<\/div>\n\t\t\t\t\t<\/div>\n\t\t<\/section>\n\t\t\t\t<section class=\"elementor-section elementor-top-section elementor-element elementor-element-2ecdb64 elementor-section-boxed elementor-section-height-default elementor-section-height-default\" data-id=\"2ecdb64\" data-element_type=\"section\">\n\t\t\t\t\t\t<div class=\"elementor-container elementor-column-gap-default\">\n\t\t\t\t\t<div class=\"elementor-column elementor-col-100 elementor-top-column elementor-element elementor-element-41c9290\" data-id=\"41c9290\" data-element_type=\"column\">\n\t\t\t<div class=\"elementor-widget-wrap elementor-element-populated\">\n\t\t\t\t\t\t<div class=\"elementor-element elementor-element-a231b08 elementor-widget elementor-widget-image-gallery\" data-id=\"a231b08\" data-element_type=\"widget\" data-widget_type=\"image-gallery.default\">\n\t\t\t\t<div class=\"elementor-widget-container\">\n\t\t\t\t\t\t\t<div class=\"elementor-image-gallery\">\n\t\t\t\n\t\t<style type=\"text\/css\">\n\t\t\t#gallery-19 {\n\t\t\t\tmargin: auto;\n\t\t\t}\n\t\t\t#gallery-19 .gallery-item {\n\t\t\t\tfloat: left;\n\t\t\t\tmargin-top: 10px;\n\t\t\t\ttext-align: center;\n\t\t\t\twidth: 33%;\n\t\t\t}\n\t\t\t#gallery-19 img {\n\t\t\t\tborder: 2px solid #cfcfcf;\n\t\t\t}\n\t\t\t#gallery-19 .gallery-caption {\n\t\t\t\tmargin-left: 0;\n\t\t\t}\n\t\t\t\/* see gallery_shortcode() in wp-includes\/media.php *\/\n\t\t<\/style>\n\t\t<div id='gallery-19' class='gallery galleryid-7557 gallery-columns-3 gallery-size-citygov_classic'><dl class='gallery-item'>\n\t\t\t<dt class='gallery-icon landscape'>\n\t\t\t\t<a data-elementor-open-lightbox=\"yes\" data-elementor-lightbox-slideshow=\"a231b08\" data-e-action-hash=\"#elementor-action%3Aaction%3Dlightbox%26settings%3DeyJpZCI6NjkwMywidXJsIjoiaHR0cHM6XC9cL3BsdG4uc3VidGl0bGVkLmNvbVwvd3AtY29udGVudFwvdXBsb2Fkc1wvMjAyM1wvMDRcL1RYMHVqVUhJaWFucmFua2luLmpwZWciLCJzbGlkZXNob3ciOiJhMjMxYjA4In0%3D\" href='https:\/\/pltn.subtitled.com\/wp-content\/uploads\/2023\/04\/TX0ujUHIianrankin.jpeg'><img loading=\"lazy\" decoding=\"async\" width=\"698\" height=\"500\" src=\"https:\/\/pltn.subtitled.com\/wp-content\/uploads\/2023\/04\/TX0ujUHIianrankin-698x500.jpeg\" class=\"attachment-citygov_classic size-citygov_classic\" alt=\"Foggy lake\" srcset=\"https:\/\/pltn.subtitled.com\/wp-content\/uploads\/2023\/04\/TX0ujUHIianrankin-698x500.jpeg 698w, https:\/\/pltn.subtitled.com\/wp-content\/uploads\/2023\/04\/TX0ujUHIianrankin-350x250.jpeg 350w\" sizes=\"(max-width: 698px) 100vw, 698px\" \/><\/a>\n\t\t\t<\/dt><\/dl><dl class='gallery-item'>\n\t\t\t<dt class='gallery-icon landscape'>\n\t\t\t\t<a data-elementor-open-lightbox=\"yes\" data-elementor-lightbox-slideshow=\"a231b08\" data-e-action-hash=\"#elementor-action%3Aaction%3Dlightbox%26settings%3DeyJpZCI6NjYxNywidXJsIjoiaHR0cHM6XC9cL3BsdG4uc3VidGl0bGVkLmNvbVwvd3AtY29udGVudFwvdXBsb2Fkc1wvMjAyM1wvMDRcL3JvZHJpZ28tZGUtbWVuZG96YS15bTN2cF9UZURMRS11bnNwbGFzaC1zY2FsZWQuanBnIiwic2xpZGVzaG93IjoiYTIzMWIwOCJ9\" href='https:\/\/pltn.subtitled.com\/wp-content\/uploads\/2023\/04\/rodrigo-de-mendoza-ym3vp_TeDLE-unsplash-scaled.jpg'><img loading=\"lazy\" decoding=\"async\" width=\"698\" height=\"500\" src=\"https:\/\/pltn.subtitled.com\/wp-content\/uploads\/2023\/04\/rodrigo-de-mendoza-ym3vp_TeDLE-unsplash-698x500.jpg\" class=\"attachment-citygov_classic size-citygov_classic\" alt=\"\" srcset=\"https:\/\/pltn.subtitled.com\/wp-content\/uploads\/2023\/04\/rodrigo-de-mendoza-ym3vp_TeDLE-unsplash-698x500.jpg 698w, https:\/\/pltn.subtitled.com\/wp-content\/uploads\/2023\/04\/rodrigo-de-mendoza-ym3vp_TeDLE-unsplash-350x250.jpg 350w\" sizes=\"(max-width: 698px) 100vw, 698px\" \/><\/a>\n\t\t\t<\/dt><\/dl><dl class='gallery-item'>\n\t\t\t<dt class='gallery-icon landscape'>\n\t\t\t\t<a data-elementor-open-lightbox=\"yes\" data-elementor-lightbox-slideshow=\"a231b08\" data-e-action-hash=\"#elementor-action%3Aaction%3Dlightbox%26settings%3DeyJpZCI6NjkwNiwidXJsIjoiaHR0cHM6XC9cL3BsdG4uc3VidGl0bGVkLmNvbVwvd3AtY29udGVudFwvdXBsb2Fkc1wvMjAyM1wvMDRcL3RvYmlhcy10dWxsaXVzLTBUOW1LRnllTjVNLXVuc3BsYXNoLXNjYWxlZC5qcGciLCJzbGlkZXNob3ciOiJhMjMxYjA4In0%3D\" href='https:\/\/pltn.subtitled.com\/wp-content\/uploads\/2023\/04\/tobias-tullius-0T9mKFyeN5M-unsplash-scaled.jpg'><img loading=\"lazy\" decoding=\"async\" width=\"698\" height=\"500\" src=\"https:\/\/pltn.subtitled.com\/wp-content\/uploads\/2023\/04\/tobias-tullius-0T9mKFyeN5M-unsplash-698x500.jpg\" class=\"attachment-citygov_classic size-citygov_classic\" alt=\"People gathered around a sunset\" srcset=\"https:\/\/pltn.subtitled.com\/wp-content\/uploads\/2023\/04\/tobias-tullius-0T9mKFyeN5M-unsplash-698x500.jpg 698w, https:\/\/pltn.subtitled.com\/wp-content\/uploads\/2023\/04\/tobias-tullius-0T9mKFyeN5M-unsplash-350x250.jpg 350w\" sizes=\"(max-width: 698px) 100vw, 698px\" \/><\/a>\n\t\t\t<\/dt><\/dl><br style=\"clear: both\" \/>\n\t\t<\/div>\n\t\t<\/div>\n\t\t\t\t\t\t<\/div>\n\t\t\t\t<\/div>\n\t\t\t\t<div class=\"elementor-element elementor-element-a2e0e92 elementor-widget__width-initial elementor-widget elementor-widget-image-gallery\" data-id=\"a2e0e92\" data-element_type=\"widget\" data-widget_type=\"image-gallery.default\">\n\t\t\t\t<div class=\"elementor-widget-container\">\n\t\t\t\t\t\t\t<div class=\"elementor-image-gallery\">\n\t\t\t\n\t\t<style type=\"text\/css\">\n\t\t\t#gallery-20 {\n\t\t\t\tmargin: auto;\n\t\t\t}\n\t\t\t#gallery-20 .gallery-item {\n\t\t\t\tfloat: left;\n\t\t\t\tmargin-top: 10px;\n\t\t\t\ttext-align: center;\n\t\t\t\twidth: 100%;\n\t\t\t}\n\t\t\t#gallery-20 img {\n\t\t\t\tborder: 2px solid #cfcfcf;\n\t\t\t}\n\t\t\t#gallery-20 .gallery-caption {\n\t\t\t\tmargin-left: 0;\n\t\t\t}\n\t\t\t\/* see gallery_shortcode() in wp-includes\/media.php *\/\n\t\t<\/style>\n\t\t<div id='gallery-20' class='gallery galleryid-7557 gallery-columns-1 gallery-size-full'><dl class='gallery-item'>\n\t\t\t<dt class='gallery-icon landscape'>\n\t\t\t\t<a data-elementor-open-lightbox=\"yes\" data-elementor-lightbox-slideshow=\"a2e0e92\" data-e-action-hash=\"#elementor-action%3Aaction%3Dlightbox%26settings%3DeyJpZCI6NjkwOCwidXJsIjoiaHR0cHM6XC9cL3BsdG4uc3VidGl0bGVkLmNvbVwvd3AtY29udGVudFwvdXBsb2Fkc1wvMjAyM1wvMDRcLzIwMjEwNjA4XzE1MTY1Ni1zY2FsZWQuanBnIiwic2xpZGVzaG93IjoiYTJlMGU5MiJ9\" href='https:\/\/pltn.subtitled.com\/wp-content\/uploads\/2023\/04\/20210608_151656-scaled.jpg'><img loading=\"lazy\" decoding=\"async\" width=\"2560\" height=\"1440\" src=\"https:\/\/pltn.subtitled.com\/wp-content\/uploads\/2023\/04\/20210608_151656-scaled.jpg\" class=\"attachment-full size-full\" alt=\"\" srcset=\"https:\/\/pltn.subtitled.com\/wp-content\/uploads\/2023\/04\/20210608_151656-scaled.jpg 2560w, https:\/\/pltn.subtitled.com\/wp-content\/uploads\/2023\/04\/20210608_151656-300x169.jpg 300w, https:\/\/pltn.subtitled.com\/wp-content\/uploads\/2023\/04\/20210608_151656-1024x576.jpg 1024w, https:\/\/pltn.subtitled.com\/wp-content\/uploads\/2023\/04\/20210608_151656-768x432.jpg 768w, https:\/\/pltn.subtitled.com\/wp-content\/uploads\/2023\/04\/20210608_151656-1536x864.jpg 1536w, https:\/\/pltn.subtitled.com\/wp-content\/uploads\/2023\/04\/20210608_151656-2048x1152.jpg 2048w\" sizes=\"(max-width: 2560px) 100vw, 2560px\" \/><\/a>\n\t\t\t<\/dt><\/dl><br style=\"clear: both\" \/>\n\t\t<\/div>\n\t\t<\/div>\n\t\t\t\t\t\t<\/div>\n\t\t\t\t<\/div>\n\t\t\t\t\t<\/div>\n\t\t<\/div>\n\t\t\t\t\t<\/div>\n\t\t<\/section>\n\t\t\t\t<section class=\"elementor-section elementor-top-section elementor-element elementor-element-6c3131a elementor-section-boxed elementor-section-height-default elementor-section-height-default\" data-id=\"6c3131a\" data-element_type=\"section\">\n\t\t\t\t\t\t<div class=\"elementor-container elementor-column-gap-default\">\n\t\t\t\t\t<div class=\"elementor-column elementor-col-100 elementor-top-column elementor-element elementor-element-2694ae7\" data-id=\"2694ae7\" data-element_type=\"column\">\n\t\t\t<div class=\"elementor-widget-wrap elementor-element-populated\">\n\t\t\t\t\t\t<div class=\"elementor-element elementor-element-4dfc1c5 elementor-widget__width-initial elementor-widget elementor-widget-text-editor\" data-id=\"4dfc1c5\" data-element_type=\"widget\" data-widget_type=\"text-editor.default\">\n\t\t\t\t<div class=\"elementor-widget-container\">\n\t\t\t\t\t\t\t\t\t<h3 class=\"wp-block-heading has-medium-font-size\">Bou\u00e9es<\/h3>\n<p>Certains citoyens de la Ville de Mont-Tremblant ont un acc\u00e8s privil\u00e9gi\u00e9 pour mettre leur bateau \u00e0 l&#8217;eau par l&#8217;entremise du PLTN et le stationner aux bou\u00e9es de l&#8217;extr\u00e9mit\u00e9 sud. Aucune nouvelle embarcation ne sera accept\u00e9e par VMT pour cette cat\u00e9gorie.<\/p>\n<h3 class=\"wp-block-heading has-medium-font-size\">Entrepreneurs<\/h3>\n<p>Si vous \u00eates un membre ou un propri\u00e9taire riverain et que vous souhaitez acc\u00e9der \u00e0 la marina pour la livraison de mat\u00e9riaux ou pour votre entrepreneur, veuillez remplir le formulaire suivant et le retourner \u00e0 <a href=\"mailto:secretaire@preservationltn.ca\">secretaire@preservationltn.ca<\/a>. Un minimum de 24 heures avant l&#8217;utilisation est n\u00e9cessaire.<\/p>\n<p><strong>Avec permis<\/strong>: <a href=\"\/wp-content\/uploads\/2023\/04\/Francaisavecpermis.pdf\" target=\"_blank\" rel=\"noopener\">FRAN\u00c7AIS<\/a> \/ <a href=\"\/wp-content\/uploads\/2023\/04\/Englishavecpermis.pdf\" target=\"_blank\" rel=\"noopener\">ANGLAIS<\/a><br \/><strong>Sans permis<\/strong>: <a href=\"\/wp-content\/uploads\/2023\/04\/Francaissanspermis.pdf\" target=\"_blank\" rel=\"noopener\">FRAN\u00c7AIS<\/a> \/ <a href=\"\/wp-content\/uploads\/2023\/04\/Englishsanspermis.pdf\" target=\"_blank\" rel=\"noopener\">ANGLAIS<\/a><\/p>\n<h3 class=\"wp-block-heading has-medium-font-size\">Pour acc\u00e9der \u00e0 la Marina PLTN, vous devez respecter les crit\u00e8res suivants :<\/h3>\n<ol>\n<li><span style=\"font-size: 12pt;\">Votre nom doit doivent se pr\u00e9senter sur l&#8217;une des listes bas\u00e9es sur les cat\u00e9gories \u00e9num\u00e9r\u00e9es ci-dessus<\/span><\/li>\n<li><span style=\"font-size: 12pt;\">Votre bateau et votre remorque doivent \u00eatre lav\u00e9s le jour m\u00eame \u00e0 l&#8217;un des sites reconnus par la Ville de Mont-Tremblant ou MLTN<\/span><\/li>\n<li><span style=\"font-size: 12pt; background-color: #ffffff;\">Aucun nouveau bateau de wakeboard ne sera accept\u00e9 selon les directives de VMT et les r\u00e8glements de PLTN Seuls les bateaux d\u00e9j\u00e0 inscrits en vertu de notre clause d&#8217;ant\u00e9riorit\u00e9 seront admis.<\/span><\/li>\n<\/ol>\n\t\t\t\t\t\t\t\t<\/div>\n\t\t\t\t<\/div>\n\t\t\t\t\t<\/div>\n\t\t<\/div>\n\t\t\t\t\t<\/div>\n\t\t<\/section>\n\t\t\t\t<\/div>\n\t\t","protected":false},"excerpt":{"rendered":"<p>Acc\u00e8s \u00e0 la marina Qui a acc\u00e8s \u00e0 la marina de Pr\u00e9servation Lac Tremblant Nord ? La marina de PLTN est accessible aux membres et aux citoyens de la Ville de Mont Tremblant et de la Municipalit\u00e9 de Lac Tremblant Nord. Les membres de Pr\u00e9servation Lac Tremblant Nord sont principalement des propri\u00e9taires de chalets ayant &hellip;<\/p>\n","protected":false},"author":1,"featured_media":7656,"parent":0,"menu_order":0,"comment_status":"closed","ping_status":"closed","template":"template-fullwidth-alt.php","meta":{"_monsterinsights_skip_tracking":false,"_monsterinsights_sitenote_active":false,"_monsterinsights_sitenote_note":"","_monsterinsights_sitenote_category":0,"footnotes":""},"class_list":["post-7557","page","type-page","status-publish","has-post-thumbnail","hentry"],"aioseo_notices":[],"_links":{"self":[{"href":"https:\/\/pltn.subtitled.com\/fr\/wp-json\/wp\/v2\/pages\/7557","targetHints":{"allow":["GET"]}}],"collection":[{"href":"https:\/\/pltn.subtitled.com\/fr\/wp-json\/wp\/v2\/pages"}],"about":[{"href":"https:\/\/pltn.subtitled.com\/fr\/wp-json\/wp\/v2\/types\/page"}],"author":[{"embeddable":true,"href":"https:\/\/pltn.subtitled.com\/fr\/wp-json\/wp\/v2\/users\/1"}],"replies":[{"embeddable":true,"href":"https:\/\/pltn.subtitled.com\/fr\/wp-json\/wp\/v2\/comments?post=7557"}],"version-history":[{"count":4,"href":"https:\/\/pltn.subtitled.com\/fr\/wp-json\/wp\/v2\/pages\/7557\/revisions"}],"predecessor-version":[{"id":7567,"href":"https:\/\/pltn.subtitled.com\/fr\/wp-json\/wp\/v2\/pages\/7557\/revisions\/7567"}],"wp:featuredmedia":[{"embeddable":true,"href":"https:\/\/pltn.subtitled.com\/fr\/wp-json\/wp\/v2\/media\/7656"}],"wp:attachment":[{"href":"https:\/\/pltn.subtitled.com\/fr\/wp-json\/wp\/v2\/media?parent=7557"}],"curies":[{"name":"wp","href":"https:\/\/api.w.org\/{rel}","templated":true}]}}