{"id":7586,"date":"2012-11-21T17:57:22","date_gmt":"2012-11-21T22:57:22","guid":{"rendered":"https:\/\/pltn.subtitled.com\/contactez-nous\/"},"modified":"2023-06-30T00:55:15","modified_gmt":"2023-06-30T04:55:15","slug":"nous-joindre","status":"publish","type":"page","link":"https:\/\/pltn.subtitled.com\/fr\/nous-joindre\/","title":{"rendered":"Nous joindre"},"content":{"rendered":"\n<h3 class=\"wp-block-heading\">Vous avez des questions ou besoin d&#8217;aide ?<\/h3>\n\n\n\n<p>Nous r\u00e9pondrons dans le plus br\u00e8f d\u00e9lai pendant les heures d&#8217;affaires.<\/p>\n\n\n\n<div class=\"wpcf7 no-js\" id=\"wpcf7-f15-o1\" lang=\"en-US\" dir=\"ltr\" data-wpcf7-id=\"15\">\n<div class=\"screen-reader-response\"><p role=\"status\" aria-live=\"polite\" aria-atomic=\"true\"><\/p> <ul><\/ul><\/div>\n<form action=\"\/fr\/wp-json\/wp\/v2\/pages\/7586#wpcf7-f15-o1\" method=\"post\" class=\"wpcf7-form init\" aria-label=\"Contact form\" novalidate=\"novalidate\" data-status=\"init\">\n<fieldset class=\"hidden-fields-container\"><input type=\"hidden\" name=\"_wpcf7\" value=\"15\" \/><input type=\"hidden\" name=\"_wpcf7_version\" value=\"6.1.4\" \/><input type=\"hidden\" name=\"_wpcf7_locale\" value=\"en_US\" \/><input type=\"hidden\" name=\"_wpcf7_unit_tag\" value=\"wpcf7-f15-o1\" \/><input type=\"hidden\" name=\"_wpcf7_container_post\" value=\"0\" \/><input type=\"hidden\" name=\"_wpcf7_posted_data_hash\" value=\"\" \/>\n<\/fieldset>\n<p><label> Your name<br \/>\n<span class=\"wpcf7-form-control-wrap\" data-name=\"your-name\"><input size=\"40\" maxlength=\"400\" class=\"wpcf7-form-control wpcf7-text wpcf7-validates-as-required\" autocomplete=\"name\" aria-required=\"true\" aria-invalid=\"false\" value=\"\" type=\"text\" name=\"your-name\" \/><\/span> <\/label>\n<\/p>\n<p><label> Your email<br \/>\n<span class=\"wpcf7-form-control-wrap\" data-name=\"your-email\"><input size=\"40\" maxlength=\"400\" class=\"wpcf7-form-control wpcf7-email wpcf7-validates-as-required wpcf7-text wpcf7-validates-as-email\" autocomplete=\"email\" aria-required=\"true\" aria-invalid=\"false\" value=\"\" type=\"email\" name=\"your-email\" \/><\/span> <\/label>\n<\/p>\n<p><label> Subject<br \/>\n<span class=\"wpcf7-form-control-wrap\" data-name=\"your-subject\"><input size=\"40\" maxlength=\"400\" class=\"wpcf7-form-control wpcf7-text wpcf7-validates-as-required\" aria-required=\"true\" aria-invalid=\"false\" value=\"\" type=\"text\" name=\"your-subject\" \/><\/span> <\/label>\n<\/p>\n<p><label> Your message<br \/>\n<span class=\"wpcf7-form-control-wrap\" data-name=\"your-message\"><textarea cols=\"40\" rows=\"10\" maxlength=\"2000\" class=\"wpcf7-form-control wpcf7-textarea wpcf7-validates-as-required\" aria-required=\"true\" aria-invalid=\"false\" name=\"your-message\"><\/textarea><\/span> <\/label>\n<\/p>\n<p><input class=\"wpcf7-form-control wpcf7-submit has-spinner\" type=\"submit\" value=\"Submit\" \/>\n<\/p><div class=\"wpcf7-response-output\" aria-hidden=\"true\"><\/div>\n<\/form>\n<\/div>\n\n\n\n\n<h3 class=\"wp-block-heading\">Pr\u00e9servation Lac-Tremblant-Nord<\/h3>\n\n\n<div class=\"su-gmap su-u-responsive-media-yes\"><iframe width=\"740\" height=\"540\" src=\"\/\/maps.google.com\/maps?q=454%20chemin%20de%20Lac-Tremblant-Nord%2C%20Mont-Tremblant%2C%20QC&amp;output=embed&amp;z=13\" title=\"\"><\/iframe><\/div>\n\n\n\n<p><strong>Pr\u00e9servation Lac-Tremblant-Nord<\/strong><br>454, chemin de Lac-Tremblant-Nord<br>Mont-Tremblant, QC<br>Canada J8E 1A5<br><strong>T\u00e9l\u00e9phone :<\/strong> <a href=\"tel:+18194252181\">(819) 425-2181<\/a><br><strong>Courriel :<\/strong> <a href=\"mailto:secretaire@preservationltn.ca\">secretaire@preservationltn.ca<\/a><\/p>\n","protected":false},"excerpt":{"rendered":"<p>Vous avez des questions ou besoin d&#8217;aide ? Nous r\u00e9pondrons dans le plus br\u00e8f d\u00e9lai pendant les heures d&#8217;affaires. Pr\u00e9servation Lac-Tremblant-Nord Pr\u00e9servation Lac-Tremblant-Nord454, chemin de Lac-Tremblant-NordMont-Tremblant, QCCanada J8E 1A5T\u00e9l\u00e9phone : (819) 425-2181Courriel : secretaire@preservationltn.ca<\/p>\n","protected":false},"author":1,"featured_media":6907,"parent":0,"menu_order":0,"comment_status":"closed","ping_status":"closed","template":"","meta":{"_monsterinsights_skip_tracking":false,"_monsterinsights_sitenote_active":false,"_monsterinsights_sitenote_note":"","_monsterinsights_sitenote_category":0,"footnotes":""},"class_list":["post-7586","page","type-page","status-publish","has-post-thumbnail","hentry"],"aioseo_notices":[],"_links":{"self":[{"href":"https:\/\/pltn.subtitled.com\/fr\/wp-json\/wp\/v2\/pages\/7586","targetHints":{"allow":["GET"]}}],"collection":[{"href":"https:\/\/pltn.subtitled.com\/fr\/wp-json\/wp\/v2\/pages"}],"about":[{"href":"https:\/\/pltn.subtitled.com\/fr\/wp-json\/wp\/v2\/types\/page"}],"author":[{"embeddable":true,"href":"https:\/\/pltn.subtitled.com\/fr\/wp-json\/wp\/v2\/users\/1"}],"replies":[{"embeddable":true,"href":"https:\/\/pltn.subtitled.com\/fr\/wp-json\/wp\/v2\/comments?post=7586"}],"version-history":[{"count":8,"href":"https:\/\/pltn.subtitled.com\/fr\/wp-json\/wp\/v2\/pages\/7586\/revisions"}],"predecessor-version":[{"id":8020,"href":"https:\/\/pltn.subtitled.com\/fr\/wp-json\/wp\/v2\/pages\/7586\/revisions\/8020"}],"wp:featuredmedia":[{"embeddable":true,"href":"https:\/\/pltn.subtitled.com\/fr\/wp-json\/wp\/v2\/media\/6907"}],"wp:attachment":[{"href":"https:\/\/pltn.subtitled.com\/fr\/wp-json\/wp\/v2\/media?parent=7586"}],"curies":[{"name":"wp","href":"https:\/\/api.w.org\/{rel}","templated":true}]}}