{"id":7689,"date":"2023-05-12T15:20:49","date_gmt":"2023-05-12T19:20:49","guid":{"rendered":"https:\/\/pltn.subtitled.com\/nouveaux-quais\/"},"modified":"2023-06-01T16:33:47","modified_gmt":"2023-06-01T20:33:47","slug":"nouveaux-quais","status":"publish","type":"page","link":"https:\/\/pltn.subtitled.com\/fr\/projets\/nouveaux-quais\/","title":{"rendered":"Nouveaux quais"},"content":{"rendered":"\t\t<div data-elementor-type=\"wp-page\" data-elementor-id=\"7689\" class=\"elementor elementor-7689 elementor-7675\">\n\t\t\t\t\t\t<section class=\"elementor-section elementor-top-section elementor-element elementor-element-9028a7f elementor-section-boxed elementor-section-height-default elementor-section-height-default\" data-id=\"9028a7f\" data-element_type=\"section\">\n\t\t\t\t\t\t<div class=\"elementor-container elementor-column-gap-default\">\n\t\t\t\t\t<div class=\"elementor-column elementor-col-50 elementor-top-column elementor-element elementor-element-7943947a\" data-id=\"7943947a\" data-element_type=\"column\">\n\t\t\t<div class=\"elementor-widget-wrap elementor-element-populated\">\n\t\t\t\t\t\t<div class=\"elementor-element elementor-element-0e1284f elementor-widget elementor-widget-heading\" data-id=\"0e1284f\" data-element_type=\"widget\" data-widget_type=\"heading.default\">\n\t\t\t\t<div class=\"elementor-widget-container\">\n\t\t\t\t\t<h2 class=\"elementor-heading-title elementor-size-xl\">Nouveaux quais<\/h2>\t\t\t\t<\/div>\n\t\t\t\t<\/div>\n\t\t\t\t\t<\/div>\n\t\t<\/div>\n\t\t\t\t<div class=\"elementor-column elementor-col-50 elementor-top-column elementor-element elementor-element-c2f950a\" data-id=\"c2f950a\" data-element_type=\"column\">\n\t\t\t<div class=\"elementor-widget-wrap elementor-element-populated\">\n\t\t\t\t\t\t<div class=\"elementor-element elementor-element-fb0161f elementor-widget__width-initial elementor-hidden-mobile elementor-widget elementor-widget-image\" data-id=\"fb0161f\" data-element_type=\"widget\" data-widget_type=\"image.default\">\n\t\t\t\t<div class=\"elementor-widget-container\">\n\t\t\t\t\t\t\t\t\t\t\t\t\t\t\t<img fetchpriority=\"high\" decoding=\"async\" width=\"698\" height=\"500\" src=\"https:\/\/pltn.subtitled.com\/wp-content\/uploads\/2023\/05\/quais-698x500.jpg\" class=\"attachment-citygov_classic size-citygov_classic wp-image-7657\" alt=\"Docks\" srcset=\"https:\/\/pltn.subtitled.com\/wp-content\/uploads\/2023\/05\/quais-698x500.jpg 698w, https:\/\/pltn.subtitled.com\/wp-content\/uploads\/2023\/05\/quais-350x250.jpg 350w\" sizes=\"(max-width: 698px) 100vw, 698px\" \/>\t\t\t\t\t\t\t\t\t\t\t\t\t\t\t<\/div>\n\t\t\t\t<\/div>\n\t\t\t\t\t<\/div>\n\t\t<\/div>\n\t\t\t\t\t<\/div>\n\t\t<\/section>\n\t\t\t\t<section class=\"elementor-section elementor-top-section elementor-element elementor-element-0d8bc0f elementor-section-boxed elementor-section-height-default elementor-section-height-default\" data-id=\"0d8bc0f\" data-element_type=\"section\">\n\t\t\t\t\t\t<div class=\"elementor-container elementor-column-gap-default\">\n\t\t\t\t\t<div class=\"elementor-column elementor-col-100 elementor-top-column elementor-element elementor-element-8181be4\" data-id=\"8181be4\" data-element_type=\"column\">\n\t\t\t<div class=\"elementor-widget-wrap elementor-element-populated\">\n\t\t\t\t\t\t<div class=\"elementor-element elementor-element-f58d4d9 elementor-widget elementor-widget-text-editor\" data-id=\"f58d4d9\" data-element_type=\"widget\" data-widget_type=\"text-editor.default\">\n\t\t\t\t<div class=\"elementor-widget-container\">\n\t\t\t\t\t\t\t\t\t<p><strong>Compte tenu de la demande annuelle croissante de services de mise \u00e0 l&#8217;eau de PLTN de la part des membres<\/strong>, des utilisateurs d&#8217;un jour et des municipalit\u00e9s, le conseil d&#8217;administration travaille depuis 2017 sur un plan directeur qui comprend un programme de remplacement de la marina dans l&#8217;infrastructure de l&#8217;eau, un concept de brise-lames et des am\u00e9liorations g\u00e9n\u00e9rales de la zone de mise \u00e0 l&#8217;eau.<\/p>\n<p>L&#8217;objectif principal de ce projet est de rem\u00e9dier au mauvais \u00e9tat des postes d&#8217;amarrage couverts et des autres infrastructures, ainsi qu&#8217;au manque d&#8217;espace disponible pour accueillir les r\u00e9sidents au bout du lac Tremblant Nord.<\/p>\n<p>En 2019, un comit\u00e9 a \u00e9t\u00e9 mis en place pour d\u00e9velopper un concept, une approche et identifier les co\u00fbts associ\u00e9s \u00e0 la reconstruction de la marina pour permettre aux citoyens d&#8217;acc\u00e9der en toute s\u00e9curit\u00e9 \u00e0 leurs propri\u00e9t\u00e9s et l&#8217;accostage des bateaux.<\/p>\n\t\t\t\t\t\t\t\t<\/div>\n\t\t\t\t<\/div>\n\t\t\t\t\t<\/div>\n\t\t<\/div>\n\t\t\t\t\t<\/div>\n\t\t<\/section>\n\t\t\t\t<section class=\"elementor-section elementor-top-section elementor-element elementor-element-023ab25 elementor-section-boxed elementor-section-height-default elementor-section-height-default\" data-id=\"023ab25\" data-element_type=\"section\">\n\t\t\t\t\t\t<div class=\"elementor-container elementor-column-gap-default\">\n\t\t\t\t\t<div class=\"elementor-column elementor-col-100 elementor-top-column elementor-element elementor-element-b7a784b\" data-id=\"b7a784b\" data-element_type=\"column\">\n\t\t\t<div class=\"elementor-widget-wrap elementor-element-populated\">\n\t\t\t\t\t\t<div class=\"elementor-element elementor-element-c86c0f2 elementor-widget elementor-widget-text-editor\" data-id=\"c86c0f2\" data-element_type=\"widget\" data-widget_type=\"text-editor.default\">\n\t\t\t\t<div class=\"elementor-widget-container\">\n\t\t\t\t\t\t\t\t\t<h2>Nous souhaitons aller de l&#8217;avant avec ce projet et voir certaines initiatives se mettre en place pour atteindre notre objectif de moderniser notre marina et en faire un syst\u00e8me d&#8217;amarrage s\u00fbr et s\u00e9curis\u00e9.<\/h2>\n\t\t\t\t\t\t\t\t<\/div>\n\t\t\t\t<\/div>\n\t\t\t\t\t<\/div>\n\t\t<\/div>\n\t\t\t\t\t<\/div>\n\t\t<\/section>\n\t\t\t\t<section class=\"elementor-section elementor-top-section elementor-element elementor-element-65c0a08 elementor-section-boxed elementor-section-height-default elementor-section-height-default\" data-id=\"65c0a08\" data-element_type=\"section\">\n\t\t\t\t\t\t<div class=\"elementor-container elementor-column-gap-default\">\n\t\t\t\t\t<div class=\"elementor-column elementor-col-100 elementor-top-column elementor-element elementor-element-14f0ec9\" data-id=\"14f0ec9\" data-element_type=\"column\">\n\t\t\t<div class=\"elementor-widget-wrap elementor-element-populated\">\n\t\t\t\t\t\t<div class=\"elementor-element elementor-element-96f85fe elementor-widget elementor-widget-spacer\" data-id=\"96f85fe\" data-element_type=\"widget\" data-widget_type=\"spacer.default\">\n\t\t\t\t<div class=\"elementor-widget-container\">\n\t\t\t\t\t\t\t<div class=\"elementor-spacer\">\n\t\t\t<div class=\"elementor-spacer-inner\"><\/div>\n\t\t<\/div>\n\t\t\t\t\t\t<\/div>\n\t\t\t\t<\/div>\n\t\t\t\t\t<\/div>\n\t\t<\/div>\n\t\t\t\t\t<\/div>\n\t\t<\/section>\n\t\t\t\t<\/div>\n\t\t","protected":false},"excerpt":{"rendered":"<p>Nouveaux quais Compte tenu de la demande annuelle croissante de services de mise \u00e0 l&#8217;eau de PLTN de la part des membres, des utilisateurs d&#8217;un jour et des municipalit\u00e9s, le conseil d&#8217;administration travaille depuis 2017 sur un plan directeur qui comprend un programme de remplacement de la marina dans l&#8217;infrastructure de l&#8217;eau, un concept de &hellip;<\/p>\n","protected":false},"author":1,"featured_media":6900,"parent":7722,"menu_order":0,"comment_status":"closed","ping_status":"closed","template":"template-fullwidth-alt.php","meta":{"_monsterinsights_skip_tracking":false,"_monsterinsights_sitenote_active":false,"_monsterinsights_sitenote_note":"","_monsterinsights_sitenote_category":0,"footnotes":""},"class_list":["post-7689","page","type-page","status-publish","has-post-thumbnail","hentry"],"aioseo_notices":[],"_links":{"self":[{"href":"https:\/\/pltn.subtitled.com\/fr\/wp-json\/wp\/v2\/pages\/7689","targetHints":{"allow":["GET"]}}],"collection":[{"href":"https:\/\/pltn.subtitled.com\/fr\/wp-json\/wp\/v2\/pages"}],"about":[{"href":"https:\/\/pltn.subtitled.com\/fr\/wp-json\/wp\/v2\/types\/page"}],"author":[{"embeddable":true,"href":"https:\/\/pltn.subtitled.com\/fr\/wp-json\/wp\/v2\/users\/1"}],"replies":[{"embeddable":true,"href":"https:\/\/pltn.subtitled.com\/fr\/wp-json\/wp\/v2\/comments?post=7689"}],"version-history":[{"count":1,"href":"https:\/\/pltn.subtitled.com\/fr\/wp-json\/wp\/v2\/pages\/7689\/revisions"}],"predecessor-version":[{"id":7690,"href":"https:\/\/pltn.subtitled.com\/fr\/wp-json\/wp\/v2\/pages\/7689\/revisions\/7690"}],"up":[{"embeddable":true,"href":"https:\/\/pltn.subtitled.com\/fr\/wp-json\/wp\/v2\/pages\/7722"}],"wp:featuredmedia":[{"embeddable":true,"href":"https:\/\/pltn.subtitled.com\/fr\/wp-json\/wp\/v2\/media\/6900"}],"wp:attachment":[{"href":"https:\/\/pltn.subtitled.com\/fr\/wp-json\/wp\/v2\/media?parent=7689"}],"curies":[{"name":"wp","href":"https:\/\/api.w.org\/{rel}","templated":true}]}}