{"id":7722,"date":"2023-05-12T15:12:02","date_gmt":"2023-05-12T19:12:02","guid":{"rendered":"https:\/\/pltn.subtitled.com\/projets\/"},"modified":"2023-06-25T00:50:05","modified_gmt":"2023-06-25T04:50:05","slug":"projets","status":"publish","type":"page","link":"https:\/\/pltn.subtitled.com\/fr\/projets\/","title":{"rendered":"Projets"},"content":{"rendered":"\t\t<div data-elementor-type=\"wp-page\" data-elementor-id=\"7722\" class=\"elementor elementor-7722 elementor-7669\">\n\t\t\t\t\t\t<section class=\"elementor-section elementor-top-section elementor-element elementor-element-9028a7f elementor-section-boxed elementor-section-height-default elementor-section-height-default\" data-id=\"9028a7f\" data-element_type=\"section\">\n\t\t\t\t\t\t<div class=\"elementor-container elementor-column-gap-default\">\n\t\t\t\t\t<div class=\"elementor-column elementor-col-50 elementor-top-column elementor-element elementor-element-7943947a\" data-id=\"7943947a\" data-element_type=\"column\">\n\t\t\t<div class=\"elementor-widget-wrap elementor-element-populated\">\n\t\t\t\t\t\t<div class=\"elementor-element elementor-element-0e1284f elementor-widget elementor-widget-heading\" data-id=\"0e1284f\" data-element_type=\"widget\" data-widget_type=\"heading.default\">\n\t\t\t\t<div class=\"elementor-widget-container\">\n\t\t\t\t\t<h2 class=\"elementor-heading-title elementor-size-xl\">Projets &amp; initiatives<\/h2>\t\t\t\t<\/div>\n\t\t\t\t<\/div>\n\t\t\t\t\t<\/div>\n\t\t<\/div>\n\t\t\t\t<div class=\"elementor-column elementor-col-50 elementor-top-column elementor-element elementor-element-c2f950a\" data-id=\"c2f950a\" data-element_type=\"column\">\n\t\t\t<div class=\"elementor-widget-wrap elementor-element-populated\">\n\t\t\t\t\t\t<div class=\"elementor-element elementor-element-fb0161f elementor-widget__width-initial elementor-hidden-mobile elementor-widget elementor-widget-image\" data-id=\"fb0161f\" data-element_type=\"widget\" data-widget_type=\"image.default\">\n\t\t\t\t<div class=\"elementor-widget-container\">\n\t\t\t\t\t\t\t\t\t\t\t\t\t\t\t<img fetchpriority=\"high\" decoding=\"async\" width=\"698\" height=\"500\" src=\"https:\/\/pltn.subtitled.com\/wp-content\/uploads\/2023\/05\/chuttersnap-xJLsHl0hIik-unsplash-698x500.jpg\" class=\"attachment-citygov_classic size-citygov_classic wp-image-7665\" alt=\"Electric car charger\" srcset=\"https:\/\/pltn.subtitled.com\/wp-content\/uploads\/2023\/05\/chuttersnap-xJLsHl0hIik-unsplash-698x500.jpg 698w, https:\/\/pltn.subtitled.com\/wp-content\/uploads\/2023\/05\/chuttersnap-xJLsHl0hIik-unsplash-350x250.jpg 350w\" sizes=\"(max-width: 698px) 100vw, 698px\" \/>\t\t\t\t\t\t\t\t\t\t\t\t\t\t\t<\/div>\n\t\t\t\t<\/div>\n\t\t\t\t\t<\/div>\n\t\t<\/div>\n\t\t\t\t\t<\/div>\n\t\t<\/section>\n\t\t\t\t<section class=\"elementor-section elementor-top-section elementor-element elementor-element-0d8bc0f elementor-section-boxed elementor-section-height-default elementor-section-height-default\" data-id=\"0d8bc0f\" data-element_type=\"section\">\n\t\t\t\t\t\t<div class=\"elementor-container elementor-column-gap-default\">\n\t\t\t\t\t<div class=\"elementor-column elementor-col-100 elementor-top-column elementor-element elementor-element-8181be4\" data-id=\"8181be4\" data-element_type=\"column\">\n\t\t\t<div class=\"elementor-widget-wrap elementor-element-populated\">\n\t\t\t\t\t\t<div class=\"elementor-element elementor-element-f58d4d9 elementor-widget elementor-widget-text-editor\" data-id=\"f58d4d9\" data-element_type=\"widget\" data-widget_type=\"text-editor.default\">\n\t\t\t\t<div class=\"elementor-widget-container\">\n\t\t\t\t\t\t\t\t\t<p><strong>Le PLTN a \u00e9t\u00e9 tr\u00e8s actif dans divers projets et initiatives.<\/strong><\/p>\n<p>Quelques-uns de nos projets les plus r\u00e9cents sont pr\u00e9sent\u00e9s ci-dessous :<\/p>\n<ul>\n<li><a href=\"https:\/\/pltn.subtitled.com\/fr\/projets\/nouveaux-quais\/\">Nouveaux quais<\/a><\/li>\n<li><a href=\"https:\/\/pltn.subtitled.com\/fr\/projets\/stationnement-additionnel\/\">Stationnement additionnel<\/a><\/li>\n<li><a href=\"https:\/\/pltn.subtitled.com\/fr\/projets\/bornes-de-recharge-electriques\/\">Bornes de recharge \u00e9lectriques<\/a><\/li>\n<\/ul>\n\t\t\t\t\t\t\t\t<\/div>\n\t\t\t\t<\/div>\n\t\t\t\t\t<\/div>\n\t\t<\/div>\n\t\t\t\t\t<\/div>\n\t\t<\/section>\n\t\t\t\t<section class=\"elementor-section elementor-top-section elementor-element elementor-element-fad2648 elementor-section-boxed elementor-section-height-default elementor-section-height-default\" data-id=\"fad2648\" data-element_type=\"section\">\n\t\t\t\t\t\t<div class=\"elementor-container elementor-column-gap-default\">\n\t\t\t\t\t<div class=\"elementor-column elementor-col-100 elementor-top-column elementor-element elementor-element-1a783f9\" data-id=\"1a783f9\" data-element_type=\"column\">\n\t\t\t<div class=\"elementor-widget-wrap elementor-element-populated\">\n\t\t\t\t\t\t<div class=\"elementor-element elementor-element-2881366 elementor-widget elementor-widget-image-gallery\" data-id=\"2881366\" data-element_type=\"widget\" data-widget_type=\"image-gallery.default\">\n\t\t\t\t<div class=\"elementor-widget-container\">\n\t\t\t\t\t\t\t<div class=\"elementor-image-gallery\">\n\t\t\t\n\t\t<style type=\"text\/css\">\n\t\t\t#gallery-3 {\n\t\t\t\tmargin: auto;\n\t\t\t}\n\t\t\t#gallery-3 .gallery-item {\n\t\t\t\tfloat: left;\n\t\t\t\tmargin-top: 10px;\n\t\t\t\ttext-align: center;\n\t\t\t\twidth: 25%;\n\t\t\t}\n\t\t\t#gallery-3 img {\n\t\t\t\tborder: 2px solid #cfcfcf;\n\t\t\t}\n\t\t\t#gallery-3 .gallery-caption {\n\t\t\t\tmargin-left: 0;\n\t\t\t}\n\t\t\t\/* see gallery_shortcode() in wp-includes\/media.php *\/\n\t\t<\/style>\n\t\t<div id='gallery-3' class='gallery galleryid-7722 gallery-columns-4 gallery-size-citygov_classic'><dl class='gallery-item'>\n\t\t\t<dt class='gallery-icon landscape'>\n\t\t\t\t<a data-elementor-open-lightbox=\"yes\" data-elementor-lightbox-slideshow=\"2881366\" data-e-action-hash=\"#elementor-action%3Aaction%3Dlightbox%26settings%3DeyJpZCI6NzE1MCwidXJsIjoiaHR0cHM6XC9cL3BsdG4uc3VidGl0bGVkLmNvbVwvd3AtY29udGVudFwvdXBsb2Fkc1wvMjAyM1wvMDRcL3J5YW4tc3RvbmUtemVhZzZyZFB5ZHctdW5zcGxhc2gtc2NhbGVkLmpwZyIsInNsaWRlc2hvdyI6IjI4ODEzNjYifQ%3D%3D\" href='https:\/\/pltn.subtitled.com\/wp-content\/uploads\/2023\/04\/ryan-stone-zeag6rdPydw-unsplash-scaled.jpg'><img decoding=\"async\" width=\"698\" height=\"500\" src=\"https:\/\/pltn.subtitled.com\/wp-content\/uploads\/2023\/04\/ryan-stone-zeag6rdPydw-unsplash-698x500.jpg\" class=\"attachment-citygov_classic size-citygov_classic\" alt=\"Squirrel perched on a rock in a forest\" srcset=\"https:\/\/pltn.subtitled.com\/wp-content\/uploads\/2023\/04\/ryan-stone-zeag6rdPydw-unsplash-698x500.jpg 698w, https:\/\/pltn.subtitled.com\/wp-content\/uploads\/2023\/04\/ryan-stone-zeag6rdPydw-unsplash-350x250.jpg 350w\" sizes=\"(max-width: 698px) 100vw, 698px\" \/><\/a>\n\t\t\t<\/dt><\/dl><dl class='gallery-item'>\n\t\t\t<dt class='gallery-icon landscape'>\n\t\t\t\t<a data-elementor-open-lightbox=\"yes\" data-elementor-lightbox-slideshow=\"2881366\" data-e-action-hash=\"#elementor-action%3Aaction%3Dlightbox%26settings%3DeyJpZCI6NzE0NiwidXJsIjoiaHR0cHM6XC9cL3BsdG4uc3VidGl0bGVkLmNvbVwvd3AtY29udGVudFwvdXBsb2Fkc1wvMjAyM1wvMDRcL2phcmVkLWV2YW5zLVZnUm5vbEQ3T0l3LXVuc3BsYXNoLWZyb2ctc2NhbGVkLmpwZyIsInNsaWRlc2hvdyI6IjI4ODEzNjYifQ%3D%3D\" href='https:\/\/pltn.subtitled.com\/wp-content\/uploads\/2023\/04\/jared-evans-VgRnolD7OIw-unsplash-frog-scaled.jpg'><img decoding=\"async\" width=\"698\" height=\"500\" src=\"https:\/\/pltn.subtitled.com\/wp-content\/uploads\/2023\/04\/jared-evans-VgRnolD7OIw-unsplash-frog-698x500.jpg\" class=\"attachment-citygov_classic size-citygov_classic\" alt=\"A frog perched on a log in water\" srcset=\"https:\/\/pltn.subtitled.com\/wp-content\/uploads\/2023\/04\/jared-evans-VgRnolD7OIw-unsplash-frog-698x500.jpg 698w, https:\/\/pltn.subtitled.com\/wp-content\/uploads\/2023\/04\/jared-evans-VgRnolD7OIw-unsplash-frog-350x250.jpg 350w\" sizes=\"(max-width: 698px) 100vw, 698px\" \/><\/a>\n\t\t\t<\/dt><\/dl><dl class='gallery-item'>\n\t\t\t<dt class='gallery-icon landscape'>\n\t\t\t\t<a data-elementor-open-lightbox=\"yes\" data-elementor-lightbox-slideshow=\"2881366\" data-e-action-hash=\"#elementor-action%3Aaction%3Dlightbox%26settings%3DeyJpZCI6NzE0OCwidXJsIjoiaHR0cHM6XC9cL3BsdG4uc3VidGl0bGVkLmNvbVwvd3AtY29udGVudFwvdXBsb2Fkc1wvMjAyM1wvMDRcL21hZGR5LWJha2VyLWJfZ0FQOTd0N0lzLXVuc3BsYXNobW0tc2NhbGVkLmpwZyIsInNsaWRlc2hvdyI6IjI4ODEzNjYifQ%3D%3D\" href='https:\/\/pltn.subtitled.com\/wp-content\/uploads\/2023\/04\/maddy-baker-b_gAP97t7Is-unsplashmm-scaled.jpg'><img loading=\"lazy\" decoding=\"async\" width=\"698\" height=\"500\" src=\"https:\/\/pltn.subtitled.com\/wp-content\/uploads\/2023\/04\/maddy-baker-b_gAP97t7Is-unsplashmm-698x500.jpg\" class=\"attachment-citygov_classic size-citygov_classic\" alt=\"A deer standing in a forest\" srcset=\"https:\/\/pltn.subtitled.com\/wp-content\/uploads\/2023\/04\/maddy-baker-b_gAP97t7Is-unsplashmm-698x500.jpg 698w, https:\/\/pltn.subtitled.com\/wp-content\/uploads\/2023\/04\/maddy-baker-b_gAP97t7Is-unsplashmm-350x250.jpg 350w\" sizes=\"(max-width: 698px) 100vw, 698px\" \/><\/a>\n\t\t\t<\/dt><\/dl><dl class='gallery-item'>\n\t\t\t<dt class='gallery-icon landscape'>\n\t\t\t\t<a data-elementor-open-lightbox=\"yes\" data-elementor-lightbox-slideshow=\"2881366\" data-e-action-hash=\"#elementor-action%3Aaction%3Dlightbox%26settings%3DeyJpZCI6NzE1NCwidXJsIjoiaHR0cHM6XC9cL3BsdG4uc3VidGl0bGVkLmNvbVwvd3AtY29udGVudFwvdXBsb2Fkc1wvMjAyM1wvMDRcL3pvbWJpZS1wbGFudC53ZWJwIiwic2xpZGVzaG93IjoiMjg4MTM2NiJ9\" href='https:\/\/pltn.subtitled.com\/wp-content\/uploads\/2023\/04\/zombie-plant.webp'><img loading=\"lazy\" decoding=\"async\" width=\"698\" height=\"439\" src=\"https:\/\/pltn.subtitled.com\/wp-content\/uploads\/2023\/04\/zombie-plant-698x439.webp\" class=\"attachment-citygov_classic size-citygov_classic\" alt=\"Man holding zombie plant in front of a body of water\" \/><\/a>\n\t\t\t<\/dt><\/dl><br style=\"clear: both\" \/>\n\t\t<\/div>\n\t\t<\/div>\n\t\t\t\t\t\t<\/div>\n\t\t\t\t<\/div>\n\t\t\t\t<div class=\"elementor-element elementor-element-d09cea4 elementor-widget elementor-widget-image-gallery\" data-id=\"d09cea4\" data-element_type=\"widget\" data-widget_type=\"image-gallery.default\">\n\t\t\t\t<div class=\"elementor-widget-container\">\n\t\t\t\t\t\t\t<div class=\"elementor-image-gallery\">\n\t\t\t\n\t\t<style type=\"text\/css\">\n\t\t\t#gallery-4 {\n\t\t\t\tmargin: auto;\n\t\t\t}\n\t\t\t#gallery-4 .gallery-item {\n\t\t\t\tfloat: left;\n\t\t\t\tmargin-top: 10px;\n\t\t\t\ttext-align: center;\n\t\t\t\twidth: 100%;\n\t\t\t}\n\t\t\t#gallery-4 img {\n\t\t\t\tborder: 2px solid #cfcfcf;\n\t\t\t}\n\t\t\t#gallery-4 .gallery-caption {\n\t\t\t\tmargin-left: 0;\n\t\t\t}\n\t\t\t\/* see gallery_shortcode() in wp-includes\/media.php *\/\n\t\t<\/style>\n\t\t<div id='gallery-4' class='gallery galleryid-7722 gallery-columns-1 gallery-size-full'><dl class='gallery-item'>\n\t\t\t<dt class='gallery-icon landscape'>\n\t\t\t\t<a data-elementor-open-lightbox=\"yes\" data-elementor-lightbox-slideshow=\"d09cea4\" data-e-action-hash=\"#elementor-action%3Aaction%3Dlightbox%26settings%3DeyJpZCI6NzE0MiwidXJsIjoiaHR0cHM6XC9cL3BsdG4uc3VidGl0bGVkLmNvbVwvd3AtY29udGVudFwvdXBsb2Fkc1wvMjAyM1wvMDRcLzIwMjEwNjI0XzE0MjM1My1zY2FsZWQuanBnIiwic2xpZGVzaG93IjoiZDA5Y2VhNCJ9\" href='https:\/\/pltn.subtitled.com\/wp-content\/uploads\/2023\/04\/20210624_142353-scaled.jpg'><img loading=\"lazy\" decoding=\"async\" width=\"2560\" height=\"1440\" src=\"https:\/\/pltn.subtitled.com\/wp-content\/uploads\/2023\/04\/20210624_142353-scaled.jpg\" class=\"attachment-full size-full\" alt=\"Photo of a lake and surrounding forest from atop an adjacent cliff\" srcset=\"https:\/\/pltn.subtitled.com\/wp-content\/uploads\/2023\/04\/20210624_142353-scaled.jpg 2560w, https:\/\/pltn.subtitled.com\/wp-content\/uploads\/2023\/04\/20210624_142353-300x169.jpg 300w, https:\/\/pltn.subtitled.com\/wp-content\/uploads\/2023\/04\/20210624_142353-1024x576.jpg 1024w, https:\/\/pltn.subtitled.com\/wp-content\/uploads\/2023\/04\/20210624_142353-768x432.jpg 768w, https:\/\/pltn.subtitled.com\/wp-content\/uploads\/2023\/04\/20210624_142353-1536x864.jpg 1536w, https:\/\/pltn.subtitled.com\/wp-content\/uploads\/2023\/04\/20210624_142353-2048x1152.jpg 2048w\" sizes=\"(max-width: 2560px) 100vw, 2560px\" \/><\/a>\n\t\t\t<\/dt><\/dl><br style=\"clear: both\" \/>\n\t\t<\/div>\n\t\t<\/div>\n\t\t\t\t\t\t<\/div>\n\t\t\t\t<\/div>\n\t\t\t\t\t<\/div>\n\t\t<\/div>\n\t\t\t\t\t<\/div>\n\t\t<\/section>\n\t\t\t\t<section class=\"elementor-section elementor-top-section elementor-element elementor-element-4730e22 elementor-section-boxed elementor-section-height-default elementor-section-height-default\" data-id=\"4730e22\" data-element_type=\"section\">\n\t\t\t\t\t\t<div class=\"elementor-container elementor-column-gap-default\">\n\t\t\t\t\t<div class=\"elementor-column elementor-col-100 elementor-top-column elementor-element elementor-element-ac84848\" data-id=\"ac84848\" data-element_type=\"column\">\n\t\t\t<div class=\"elementor-widget-wrap elementor-element-populated\">\n\t\t\t\t\t\t<div class=\"elementor-element elementor-element-1fa23ff elementor-widget elementor-widget-spacer\" data-id=\"1fa23ff\" data-element_type=\"widget\" data-widget_type=\"spacer.default\">\n\t\t\t\t<div class=\"elementor-widget-container\">\n\t\t\t\t\t\t\t<div class=\"elementor-spacer\">\n\t\t\t<div class=\"elementor-spacer-inner\"><\/div>\n\t\t<\/div>\n\t\t\t\t\t\t<\/div>\n\t\t\t\t<\/div>\n\t\t\t\t\t<\/div>\n\t\t<\/div>\n\t\t\t\t\t<\/div>\n\t\t<\/section>\n\t\t\t\t<\/div>\n\t\t","protected":false},"excerpt":{"rendered":"<p>Projets &amp; initiatives Le PLTN a \u00e9t\u00e9 tr\u00e8s actif dans divers projets et initiatives. Quelques-uns de nos projets les plus r\u00e9cents sont pr\u00e9sent\u00e9s ci-dessous : Nouveaux quais Stationnement additionnel Bornes de recharge \u00e9lectriques<\/p>\n","protected":false},"author":1,"featured_media":7668,"parent":0,"menu_order":0,"comment_status":"closed","ping_status":"closed","template":"template-fullwidth-alt.php","meta":{"_monsterinsights_skip_tracking":false,"_monsterinsights_sitenote_active":false,"_monsterinsights_sitenote_note":"","_monsterinsights_sitenote_category":0,"footnotes":""},"class_list":["post-7722","page","type-page","status-publish","has-post-thumbnail","hentry"],"aioseo_notices":[],"_links":{"self":[{"href":"https:\/\/pltn.subtitled.com\/fr\/wp-json\/wp\/v2\/pages\/7722","targetHints":{"allow":["GET"]}}],"collection":[{"href":"https:\/\/pltn.subtitled.com\/fr\/wp-json\/wp\/v2\/pages"}],"about":[{"href":"https:\/\/pltn.subtitled.com\/fr\/wp-json\/wp\/v2\/types\/page"}],"author":[{"embeddable":true,"href":"https:\/\/pltn.subtitled.com\/fr\/wp-json\/wp\/v2\/users\/1"}],"replies":[{"embeddable":true,"href":"https:\/\/pltn.subtitled.com\/fr\/wp-json\/wp\/v2\/comments?post=7722"}],"version-history":[{"count":4,"href":"https:\/\/pltn.subtitled.com\/fr\/wp-json\/wp\/v2\/pages\/7722\/revisions"}],"predecessor-version":[{"id":8013,"href":"https:\/\/pltn.subtitled.com\/fr\/wp-json\/wp\/v2\/pages\/7722\/revisions\/8013"}],"wp:featuredmedia":[{"embeddable":true,"href":"https:\/\/pltn.subtitled.com\/fr\/wp-json\/wp\/v2\/media\/7668"}],"wp:attachment":[{"href":"https:\/\/pltn.subtitled.com\/fr\/wp-json\/wp\/v2\/media?parent=7722"}],"curies":[{"name":"wp","href":"https:\/\/api.w.org\/{rel}","templated":true}]}}