{"id":7822,"date":"2023-06-19T23:14:12","date_gmt":"2023-06-20T03:14:12","guid":{"rendered":"https:\/\/pltn.subtitled.com\/?page_id=7822"},"modified":"2023-06-19T23:53:13","modified_gmt":"2023-06-20T03:53:13","slug":"impact-des-moteurs-2-temps-vs-4-temps","status":"publish","type":"page","link":"https:\/\/pltn.subtitled.com\/fr\/environnement\/impact-des-moteurs-2-temps-vs-4-temps\/","title":{"rendered":"Impact des moteurs 2 temps vs 4 temps"},"content":{"rendered":"\t\t<div data-elementor-type=\"wp-page\" data-elementor-id=\"7822\" class=\"elementor elementor-7822 elementor-7796\">\n\t\t\t\t\t\t<section class=\"elementor-section elementor-top-section elementor-element elementor-element-9028a7f elementor-section-boxed elementor-section-height-default elementor-section-height-default\" data-id=\"9028a7f\" data-element_type=\"section\">\n\t\t\t\t\t\t<div class=\"elementor-container elementor-column-gap-default\">\n\t\t\t\t\t<div class=\"elementor-column elementor-col-50 elementor-top-column elementor-element elementor-element-7943947a\" data-id=\"7943947a\" data-element_type=\"column\">\n\t\t\t<div class=\"elementor-widget-wrap elementor-element-populated\">\n\t\t\t\t\t\t<div class=\"elementor-element elementor-element-0e1284f elementor-widget elementor-widget-heading\" data-id=\"0e1284f\" data-element_type=\"widget\" data-widget_type=\"heading.default\">\n\t\t\t\t<div class=\"elementor-widget-container\">\n\t\t\t\t\t<h2 class=\"elementor-heading-title elementor-size-xl\">Impact des moteurs 2 temps vs 4 temps<\/h2>\t\t\t\t<\/div>\n\t\t\t\t<\/div>\n\t\t\t\t\t<\/div>\n\t\t<\/div>\n\t\t\t\t<div class=\"elementor-column elementor-col-50 elementor-top-column elementor-element elementor-element-c2f950a\" data-id=\"c2f950a\" data-element_type=\"column\">\n\t\t\t<div class=\"elementor-widget-wrap elementor-element-populated\">\n\t\t\t\t\t\t<div class=\"elementor-element elementor-element-fb0161f elementor-widget__width-initial elementor-hidden-mobile elementor-widget elementor-widget-image\" data-id=\"fb0161f\" data-element_type=\"widget\" data-widget_type=\"image.default\">\n\t\t\t\t<div class=\"elementor-widget-container\">\n\t\t\t\t\t\t\t\t\t\t\t\t\t\t\t<img fetchpriority=\"high\" decoding=\"async\" width=\"750\" height=\"469\" src=\"https:\/\/pltn.subtitled.com\/wp-content\/uploads\/2023\/06\/Boat_Motor-768x480.jpg\" class=\"attachment-medium_large size-medium_large wp-image-7812\" alt=\"Outboard Boat Motor\" srcset=\"https:\/\/pltn.subtitled.com\/wp-content\/uploads\/2023\/06\/Boat_Motor-768x480.jpg 768w, https:\/\/pltn.subtitled.com\/wp-content\/uploads\/2023\/06\/Boat_Motor-300x188.jpg 300w, https:\/\/pltn.subtitled.com\/wp-content\/uploads\/2023\/06\/Boat_Motor-1024x640.jpg 1024w, https:\/\/pltn.subtitled.com\/wp-content\/uploads\/2023\/06\/Boat_Motor-1536x960.jpg 1536w, https:\/\/pltn.subtitled.com\/wp-content\/uploads\/2023\/06\/Boat_Motor.jpg 2000w\" sizes=\"(max-width: 750px) 100vw, 750px\" \/>\t\t\t\t\t\t\t\t\t\t\t\t\t\t\t<\/div>\n\t\t\t\t<\/div>\n\t\t\t\t\t<\/div>\n\t\t<\/div>\n\t\t\t\t\t<\/div>\n\t\t<\/section>\n\t\t\t\t<section class=\"elementor-section elementor-top-section elementor-element elementor-element-0d8bc0f elementor-section-boxed elementor-section-height-default elementor-section-height-default\" data-id=\"0d8bc0f\" data-element_type=\"section\">\n\t\t\t\t\t\t<div class=\"elementor-container elementor-column-gap-default\">\n\t\t\t\t\t<div class=\"elementor-column elementor-col-100 elementor-top-column elementor-element elementor-element-8181be4\" data-id=\"8181be4\" data-element_type=\"column\">\n\t\t\t<div class=\"elementor-widget-wrap elementor-element-populated\">\n\t\t\t\t\t\t<div class=\"elementor-element elementor-element-f58d4d9 elementor-widget elementor-widget-text-editor\" data-id=\"f58d4d9\" data-element_type=\"widget\" data-widget_type=\"text-editor.default\">\n\t\t\t\t<div class=\"elementor-widget-container\">\n\t\t\t\t\t\t\t\t\t<h2>Diff\u00e9rence entre moteur 2T vs 4T<\/h2><p>Pour le moteur \u00e0 2 temps, l&#8217;huile, l&#8217;air et le carburant sont m\u00e9lang\u00e9s. (Un seul r\u00e9servoir)<\/p><p>Dans le cas du moteur \u00e0 4 temps, il y a deux r\u00e9servoirs. (S\u00e9parer le carburant et l&#8217;huile)<\/p><p>(Pour d\u00e9terminer si une machine est \u00e9quip\u00e9e d&#8217;un moteur 2 temps ou 4 temps, il suffit de v\u00e9rifier le nombre et le type d&#8217;orifices de remplissage. Ceux-ci correspondent \u00e0 l&#8217;endroit o\u00f9 l&#8217;on ajoute l&#8217;huile ou le carburant. S&#8217;il n&#8217;y en a qu&#8217;un, il s&#8217;agit d&#8217;un moteur \u00e0 2 temps. S&#8217;il en a deux, il s&#8217;agit d&#8217;un moteur \u00e0 quatre temps).<\/p><h2>Impact environnemental d&#8217;un moteur \u00e0 2 temps par rapport \u00e0 un moteur \u00e0 4 temps<\/h2><p>Les \u00e9missions des moteurs \u00e0 deux temps dans l&#8217;eau se sont r\u00e9v\u00e9l\u00e9es beaucoup plus toxiques que celles des moteurs \u00e0 quatre temps de m\u00eame puissance.<\/p><p>La toxicit\u00e9 de l&#8217;eau pollu\u00e9e par un moteur \u00e0 quatre temps et par un moteur \u00e0 deux temps \u00e9quip\u00e9 d&#8217;un catalyseur \u00e9tait n\u00e9gligeable apr\u00e8s une p\u00e9riode de 14 jours, tandis que la toxicit\u00e9 de l&#8217;eau pollu\u00e9e par un moteur \u00e0 deux temps \u00e9quip\u00e9 d&#8217;un catalyseur \u00e9tait n\u00e9gligeable apr\u00e8s une p\u00e9riode de 14 jours.<\/p><p><strong>En conclusion, les moteurs \u00e0 quatre temps sont plus efficaces parce qu&#8217;ils consomment moins de carburant.<\/strong> Le carburant est consomm\u00e9 une fois tous les quatre temps contre deux fois. Les moteurs \u00e0 quatre temps sont meilleurs pour l&#8217;environnement en raison de la r\u00e9duction des \u00e9missions. Un moteur \u00e0 deux temps rejette de l&#8217;huile br\u00fbl\u00e9e dans l&#8217;air en plus des gaz d&#8217;\u00e9chappement produits.<\/p>\t\t\t\t\t\t\t\t<\/div>\n\t\t\t\t<\/div>\n\t\t\t\t\t<\/div>\n\t\t<\/div>\n\t\t\t\t\t<\/div>\n\t\t<\/section>\n\t\t\t\t<section class=\"elementor-section elementor-top-section elementor-element elementor-element-fdf8887 elementor-section-boxed elementor-section-height-default elementor-section-height-default\" data-id=\"fdf8887\" data-element_type=\"section\">\n\t\t\t\t\t\t<div class=\"elementor-container elementor-column-gap-default\">\n\t\t\t\t\t<div class=\"elementor-column elementor-col-100 elementor-top-column elementor-element elementor-element-796660a\" data-id=\"796660a\" data-element_type=\"column\">\n\t\t\t<div class=\"elementor-widget-wrap elementor-element-populated\">\n\t\t\t\t\t\t<div class=\"elementor-element elementor-element-9bb85b3 elementor-widget elementor-widget-video\" data-id=\"9bb85b3\" data-element_type=\"widget\" data-settings=\"{&quot;youtube_url&quot;:&quot;https:\\\/\\\/www.youtube.com\\\/watch?v=_EM9UQFxE6w&quot;,&quot;video_type&quot;:&quot;youtube&quot;,&quot;controls&quot;:&quot;yes&quot;}\" data-widget_type=\"video.default\">\n\t\t\t\t<div class=\"elementor-widget-container\">\n\t\t\t\t\t\t\t<div class=\"elementor-wrapper elementor-open-inline\">\n\t\t\t<div class=\"elementor-video\"><\/div>\t\t<\/div>\n\t\t\t\t\t\t<\/div>\n\t\t\t\t<\/div>\n\t\t\t\t\t<\/div>\n\t\t<\/div>\n\t\t\t\t\t<\/div>\n\t\t<\/section>\n\t\t\t\t<section class=\"elementor-section elementor-top-section elementor-element elementor-element-65c0a08 elementor-section-boxed elementor-section-height-default elementor-section-height-default\" data-id=\"65c0a08\" data-element_type=\"section\">\n\t\t\t\t\t\t<div class=\"elementor-container elementor-column-gap-default\">\n\t\t\t\t\t<div class=\"elementor-column elementor-col-100 elementor-top-column elementor-element elementor-element-14f0ec9\" data-id=\"14f0ec9\" data-element_type=\"column\">\n\t\t\t<div class=\"elementor-widget-wrap elementor-element-populated\">\n\t\t\t\t\t\t<div class=\"elementor-element elementor-element-96f85fe elementor-widget elementor-widget-spacer\" data-id=\"96f85fe\" data-element_type=\"widget\" data-widget_type=\"spacer.default\">\n\t\t\t\t<div class=\"elementor-widget-container\">\n\t\t\t\t\t\t\t<div class=\"elementor-spacer\">\n\t\t\t<div class=\"elementor-spacer-inner\"><\/div>\n\t\t<\/div>\n\t\t\t\t\t\t<\/div>\n\t\t\t\t<\/div>\n\t\t\t\t\t<\/div>\n\t\t<\/div>\n\t\t\t\t\t<\/div>\n\t\t<\/section>\n\t\t\t\t<\/div>\n\t\t","protected":false},"excerpt":{"rendered":"<p>Impact des moteurs 2 temps vs 4 temps Diff\u00e9rence entre moteur 2T vs 4T Pour le moteur \u00e0 2 temps, l&#8217;huile, l&#8217;air et le carburant sont m\u00e9lang\u00e9s. (Un seul r\u00e9servoir) Dans le cas du moteur \u00e0 4 temps, il y a deux r\u00e9servoirs. (S\u00e9parer le carburant et l&#8217;huile) (Pour d\u00e9terminer si une machine est \u00e9quip\u00e9e &hellip;<\/p>\n","protected":false},"author":1,"featured_media":7656,"parent":7534,"menu_order":0,"comment_status":"closed","ping_status":"closed","template":"template-fullwidth-alt.php","meta":{"_monsterinsights_skip_tracking":false,"_monsterinsights_sitenote_active":false,"_monsterinsights_sitenote_note":"","_monsterinsights_sitenote_category":0,"footnotes":""},"class_list":["post-7822","page","type-page","status-publish","has-post-thumbnail","hentry"],"aioseo_notices":[],"_links":{"self":[{"href":"https:\/\/pltn.subtitled.com\/fr\/wp-json\/wp\/v2\/pages\/7822","targetHints":{"allow":["GET"]}}],"collection":[{"href":"https:\/\/pltn.subtitled.com\/fr\/wp-json\/wp\/v2\/pages"}],"about":[{"href":"https:\/\/pltn.subtitled.com\/fr\/wp-json\/wp\/v2\/types\/page"}],"author":[{"embeddable":true,"href":"https:\/\/pltn.subtitled.com\/fr\/wp-json\/wp\/v2\/users\/1"}],"replies":[{"embeddable":true,"href":"https:\/\/pltn.subtitled.com\/fr\/wp-json\/wp\/v2\/comments?post=7822"}],"version-history":[{"count":5,"href":"https:\/\/pltn.subtitled.com\/fr\/wp-json\/wp\/v2\/pages\/7822\/revisions"}],"predecessor-version":[{"id":7827,"href":"https:\/\/pltn.subtitled.com\/fr\/wp-json\/wp\/v2\/pages\/7822\/revisions\/7827"}],"up":[{"embeddable":true,"href":"https:\/\/pltn.subtitled.com\/fr\/wp-json\/wp\/v2\/pages\/7534"}],"wp:featuredmedia":[{"embeddable":true,"href":"https:\/\/pltn.subtitled.com\/fr\/wp-json\/wp\/v2\/media\/7656"}],"wp:attachment":[{"href":"https:\/\/pltn.subtitled.com\/fr\/wp-json\/wp\/v2\/media?parent=7822"}],"curies":[{"name":"wp","href":"https:\/\/api.w.org\/{rel}","templated":true}]}}